{"id":6642,"date":"2021-11-06T11:58:19","date_gmt":"2021-11-06T10:58:19","guid":{"rendered":"https:\/\/gyrotoniccentralbudapest.hu\/?page_id=6642"},"modified":"2023-05-13T07:04:04","modified_gmt":"2023-05-13T06:04:04","slug":"gyrotonic-terapia","status":"publish","type":"page","link":"https:\/\/gyrotoniccentralbudapest.hu\/?page_id=6642","title":{"rendered":"Gyrotonic ter\u00e1pia"},"content":{"rendered":"\t\t<div data-elementor-type=\"wp-page\" data-elementor-id=\"6642\" class=\"elementor elementor-6642\">\n\t\t\t\t\t\t<section class=\"elementor-section elementor-top-section elementor-element elementor-element-75a91ab8 elementor-section-full_width elementor-section-height-min-height elementor-section-items-stretch elementor-section-content-middle elementor-section-height-default\" data-id=\"75a91ab8\" data-element_type=\"section\" data-e-type=\"section\">\n\t\t\t\t\t\t<div class=\"elementor-container elementor-column-gap-no\">\n\t\t\t\t\t<div class=\"elementor-column elementor-col-100 elementor-top-column elementor-element elementor-element-275f31f6\" data-id=\"275f31f6\" data-element_type=\"column\" data-e-type=\"column\">\n\t\t\t<div class=\"elementor-widget-wrap elementor-element-populated\">\n\t\t\t\t\t\t<section class=\"elementor-section elementor-inner-section elementor-element elementor-element-309336c elementor-reverse-tablet elementor-reverse-mobile elementor-section-boxed elementor-section-height-default elementor-section-height-default\" data-id=\"309336c\" data-element_type=\"section\" data-e-type=\"section\">\n\t\t\t\t\t\t<div class=\"elementor-container elementor-column-gap-default\">\n\t\t\t\t\t<div class=\"elementor-column elementor-col-50 elementor-inner-column elementor-element elementor-element-7128df2a\" data-id=\"7128df2a\" data-element_type=\"column\" data-e-type=\"column\">\n\t\t\t<div class=\"elementor-widget-wrap elementor-element-populated\">\n\t\t\t\t\t\t<div class=\"elementor-element elementor-element-7030fd44 elementor-invisible elementor-widget elementor-widget-heading\" data-id=\"7030fd44\" data-element_type=\"widget\" data-e-type=\"widget\" data-settings=\"{&quot;_animation&quot;:&quot;fadeIn&quot;,&quot;_animation_mobile&quot;:&quot;none&quot;}\" data-widget_type=\"heading.default\">\n\t\t\t\t<div class=\"elementor-widget-container\">\n\t\t\t\t\t<h1 class=\"elementor-heading-title elementor-size-default\">Gyrotonic ter\u00e1pia<\/h1>\t\t\t\t<\/div>\n\t\t\t\t<\/div>\n\t\t\t\t<div class=\"elementor-element elementor-element-792b8f3e elementor-invisible elementor-widget elementor-widget-text-editor\" data-id=\"792b8f3e\" data-element_type=\"widget\" data-e-type=\"widget\" data-settings=\"{&quot;_animation&quot;:&quot;fadeIn&quot;,&quot;_animation_mobile&quot;:&quot;none&quot;,&quot;_animation_delay&quot;:&quot;200&quot;}\" data-widget_type=\"text-editor.default\">\n\t\t\t\t<div class=\"elementor-widget-container\">\n\t\t\t\t\t\t\t\t\t<p>A Gyrotonic ter\u00e1pia megalkot\u00f3ja Horv\u00e1th P\u00e1l, Juliu Horv\u00e1th testv\u00e9re, akinek megl\u00e1t\u00e1sai sok \u00e9ves torn\u00e1szk\u00e9nt, tornaedz\u0151k\u00e9nt \u00e9s gy\u00f3gytorn\u00e1szk\u00e9nt form\u00e1l\u00f3dtak \u00e9s megalkotva a Gyrotonic holisztikus mozg\u00e1srendszer ter\u00e1pi\u00e1s r\u00e9sz\u00e9t.<\/p><p>Paul szerint a Gyrotonic ter\u00e1pi\u00e1s r\u00e9sze sokkal ink\u00e1bb gyakorlati, mintsem elm\u00e9leti, amit meg kell tapasztalni a meg\u00e9rt\u00e9shez. Ez is energikus \u00e9s a test belsej\u00e9ben zajl\u00f3 esem\u00e9nyek kivet\u00edt\u00e9se, amely k\u00edv\u00fclr\u0151l l\u00e1that\u00f3.<\/p><p>\u00a0<\/p>\t\t\t\t\t\t\t\t<\/div>\n\t\t\t\t<\/div>\n\t\t\t\t\t<\/div>\n\t\t<\/div>\n\t\t\t\t<div class=\"elementor-column elementor-col-50 elementor-inner-column elementor-element elementor-element-3b4681a9\" data-id=\"3b4681a9\" data-element_type=\"column\" data-e-type=\"column\">\n\t\t\t<div class=\"elementor-widget-wrap elementor-element-populated\">\n\t\t\t\t\t\t<div class=\"elementor-element elementor-element-7a830e2b elementor-widget elementor-widget-image\" data-id=\"7a830e2b\" data-element_type=\"widget\" data-e-type=\"widget\" data-widget_type=\"image.default\">\n\t\t\t\t<div class=\"elementor-widget-container\">\n\t\t\t\t\t\t\t\t\t\t\t\t\t\t\t<img fetchpriority=\"high\" decoding=\"async\" width=\"1024\" height=\"683\" src=\"https:\/\/gyrotoniccentralbudapest.hu\/wp-content\/uploads\/2021\/11\/paul-horvath-gyogytorna-1024x683.jpg\" class=\"attachment-large size-large wp-image-7071\" alt=\"paul horvath \u00e9s majorosi kiss vikt\u00f3ria mozg\u00e1sterapeuta gerinctorn\u00e1t v\u00e9gez budapesten\" srcset=\"https:\/\/gyrotoniccentralbudapest.hu\/wp-content\/uploads\/2021\/11\/paul-horvath-gyogytorna-1024x683.jpg 1024w, https:\/\/gyrotoniccentralbudapest.hu\/wp-content\/uploads\/2021\/11\/paul-horvath-gyogytorna-300x200.jpg 300w, https:\/\/gyrotoniccentralbudapest.hu\/wp-content\/uploads\/2021\/11\/paul-horvath-gyogytorna-768x512.jpg 768w, https:\/\/gyrotoniccentralbudapest.hu\/wp-content\/uploads\/2021\/11\/paul-horvath-gyogytorna.jpg 1440w\" sizes=\"(max-width: 1024px) 100vw, 1024px\" \/>\t\t\t\t\t\t\t\t\t\t\t\t\t\t\t<\/div>\n\t\t\t\t<\/div>\n\t\t\t\t\t<\/div>\n\t\t<\/div>\n\t\t\t\t\t<\/div>\n\t\t<\/section>\n\t\t\t\t\t<\/div>\n\t\t<\/div>\n\t\t\t\t\t<\/div>\n\t\t<\/section>\n\t\t\t\t<section class=\"elementor-section elementor-top-section elementor-element elementor-element-4733732d elementor-section-full_width elementor-section-height-min-height elementor-section-items-stretch elementor-section-content-middle elementor-section-height-default\" data-id=\"4733732d\" data-element_type=\"section\" data-e-type=\"section\" data-settings=\"{&quot;shape_divider_top_negative&quot;:&quot;yes&quot;,&quot;background_background&quot;:&quot;classic&quot;,&quot;shape_divider_top&quot;:&quot;waves&quot;}\">\n\t\t\t\t\t<div class=\"elementor-shape elementor-shape-top\" aria-hidden=\"true\" data-negative=\"true\">\n\t\t\t<svg xmlns=\"http:\/\/www.w3.org\/2000\/svg\" viewBox=\"0 0 1000 100\" preserveAspectRatio=\"none\">\n\t<path class=\"elementor-shape-fill\" d=\"M790.5,93.1c-59.3-5.3-116.8-18-192.6-50c-29.6-12.7-76.9-31-100.5-35.9c-23.6-4.9-52.6-7.8-75.5-5.3\n\tc-10.2,1.1-22.6,1.4-50.1,7.4c-27.2,6.3-58.2,16.6-79.4,24.7c-41.3,15.9-94.9,21.9-134,22.6C72,58.2,0,25.8,0,25.8V100h1000V65.3\n\tc0,0-51.5,19.4-106.2,25.7C839.5,97,814.1,95.2,790.5,93.1z\"\/>\n<\/svg>\t\t<\/div>\n\t\t\t\t\t<div class=\"elementor-container elementor-column-gap-no\">\n\t\t\t\t\t<div class=\"elementor-column elementor-col-50 elementor-top-column elementor-element elementor-element-2d4e3b9a\" data-id=\"2d4e3b9a\" data-element_type=\"column\" data-e-type=\"column\">\n\t\t\t<div class=\"elementor-widget-wrap elementor-element-populated\">\n\t\t\t\t\t\t<div class=\"elementor-element elementor-element-7bfeed33 elementor-widget elementor-widget-image\" data-id=\"7bfeed33\" data-element_type=\"widget\" data-e-type=\"widget\" data-widget_type=\"image.default\">\n\t\t\t\t<div class=\"elementor-widget-container\">\n\t\t\t\t\t\t\t\t\t\t\t\t\t\t\t<img decoding=\"async\" width=\"690\" height=\"960\" src=\"https:\/\/gyrotoniccentralbudapest.hu\/wp-content\/uploads\/2021\/11\/gyrotonic-gerinctorna-1.jpg\" class=\"attachment-large size-large wp-image-7121\" alt=\"gyrotonic gerinctorn\u00e1t v\u00e9gz\u0151 n\u0151 egy f\u00e9rfival egy gy\u00f3gytorna st\u00fadi\u00f3ban n\u00e9metorsz\u00e1gban\" srcset=\"https:\/\/gyrotoniccentralbudapest.hu\/wp-content\/uploads\/2021\/11\/gyrotonic-gerinctorna-1.jpg 690w, https:\/\/gyrotoniccentralbudapest.hu\/wp-content\/uploads\/2021\/11\/gyrotonic-gerinctorna-1-216x300.jpg 216w\" sizes=\"(max-width: 690px) 100vw, 690px\" \/>\t\t\t\t\t\t\t\t\t\t\t\t\t\t\t<\/div>\n\t\t\t\t<\/div>\n\t\t\t\t\t<\/div>\n\t\t<\/div>\n\t\t\t\t<div class=\"elementor-column elementor-col-50 elementor-top-column elementor-element elementor-element-71acbc0d\" data-id=\"71acbc0d\" data-element_type=\"column\" data-e-type=\"column\">\n\t\t\t<div class=\"elementor-widget-wrap elementor-element-populated\">\n\t\t\t\t\t\t<div class=\"elementor-element elementor-element-4dd0a96b elementor-invisible elementor-widget elementor-widget-text-editor\" data-id=\"4dd0a96b\" data-element_type=\"widget\" data-e-type=\"widget\" data-settings=\"{&quot;_animation&quot;:&quot;fadeIn&quot;,&quot;_animation_mobile&quot;:&quot;none&quot;,&quot;_animation_delay&quot;:&quot;200&quot;}\" data-widget_type=\"text-editor.default\">\n\t\t\t\t<div class=\"elementor-widget-container\">\n\t\t\t\t\t\t\t\t\t<p>Ami bel\u00fcl szervesen t\u00f6rt\u00e9nik, az visszat\u00fckr\u00f6z\u0151dik a testben. A fizikai testr\u00e9sz sok ir\u00e1nyt k\u00e9pvisel, p\u00e9ld\u00e1ul biomechanikailag \u00e9s energetikailag helyes mozg\u00e1st, az\u00e1ltal, hogy nem \u00e1ll\u00edtja le az energia\u00e1raml\u00e1st, hanem mozgatja az energi\u00e1t \u00e9s felszabad\u00edtja a k\u00fcl\u00f6nb\u00f6z\u0151 r\u00e9szeket. Ily m\u00f3don a k\u00fcls\u0151 t\u00fckr\u00f6z\u0151dik bel\u00fcl.<\/p><p>Tov\u00e1bb\u00e1, ha k\u00edv\u00fclr\u0151l stimul\u00e1lod, akkor bel\u00fcl is van aktivit\u00e1sod. A fizikai test legjobb stimul\u00e1ci\u00f3ja a k\u00f6t\u0151sz\u00f6vet. Amikor stimul\u00e1lod a k\u00f6t\u0151sz\u00f6vetet az az eg\u00e9szre hat\u00e1ssal van.<\/p><p>A k\u00f6t\u0151sz\u00f6vet nagyon fontos. Ez olyan, mint az oszteop\u00e1ti\u00e1ban, a craniosacralis ter\u00e1pi\u00e1ban \u00e9s m\u00e1s k\u00e9zi munk\u00e1ban \u2013 folyamatos, lass\u00fa fesz\u00fclts\u00e9get alkalmaznak a k\u00f6t\u0151sz\u00f6vetek \u00e9s szervek mozg\u00e9konys\u00e1g\u00e1nak manipul\u00e1l\u00e1s\u00e1ra.<\/p><p>Sz\u00f3val ez a koncepci\u00f3. A gyakorlatban a Gyrotonic alapelve az, hogy \u00f6sszetett mozg\u00e1sai vannak, amelyek h\u00e1romdimenzi\u00f3sak, szegment\u00e1ltak, lass\u00edtott mozg\u00e1s\u00faak, \u00e9s k\u00fcl\u00f6nb\u00f6z\u0151 intenzit\u00e1s\u00fa \u00e9s fesz\u00fclts\u00e9g\u0171ek. A fizioter\u00e1pi\u00e1ban ezek az elvek szerint serkentik az \u00edz\u00fcleteket mozg\u00e1s k\u00f6zben, \u00e9s nem szor\u00edtj\u00e1k \u00f6ssze az \u00edz\u00fcleteket.\u00a0<\/p>\t\t\t\t\t\t\t\t<\/div>\n\t\t\t\t<\/div>\n\t\t\t\t\t<\/div>\n\t\t<\/div>\n\t\t\t\t\t<\/div>\n\t\t<\/section>\n\t\t\t\t<section class=\"elementor-section elementor-top-section elementor-element elementor-element-96237b7 elementor-section-full_width elementor-section-height-min-height elementor-section-items-stretch elementor-section-content-middle elementor-reverse-tablet elementor-reverse-mobile elementor-section-height-default\" data-id=\"96237b7\" data-element_type=\"section\" data-e-type=\"section\" data-settings=\"{&quot;background_background&quot;:&quot;classic&quot;}\">\n\t\t\t\t\t\t<div class=\"elementor-container elementor-column-gap-no\">\n\t\t\t\t\t<div class=\"elementor-column elementor-col-50 elementor-top-column elementor-element elementor-element-35b2c0c\" data-id=\"35b2c0c\" data-element_type=\"column\" data-e-type=\"column\">\n\t\t\t<div class=\"elementor-widget-wrap elementor-element-populated\">\n\t\t\t\t\t\t<div class=\"elementor-element elementor-element-b516822 elementor-invisible elementor-widget elementor-widget-text-editor\" data-id=\"b516822\" data-element_type=\"widget\" data-e-type=\"widget\" data-settings=\"{&quot;_animation&quot;:&quot;fadeIn&quot;,&quot;_animation_mobile&quot;:&quot;none&quot;,&quot;_animation_delay&quot;:&quot;200&quot;}\" data-widget_type=\"text-editor.default\">\n\t\t\t\t<div class=\"elementor-widget-container\">\n\t\t\t\t\t\t\t\t\t<p>Ez egy holisztikus mozg\u00e1srendszer. Azt mondjuk, hogy ez \u201eintelligens\u201d mozg\u00e1s, de val\u00f3j\u00e1ban az intelligencia abban rejlik, hogy l\u00e1tjuk a mozg\u00e1s \u00e9s a gyakorlat k\u00f6z\u00f6tti k\u00fcl\u00f6nbs\u00e9get, \u00e9s k\u00e9pesek vagyunk holisztikus k\u00e9pet alkotni.<\/p><p>A Gyrotonic holisztikus mozg\u00e1s pozit\u00edv hat\u00e1ssal van az eg\u00e9sz szomatikus rendszerre, azaz a Gyrotonic mozg\u00e1s konstrukt\u00edv, nem pedig destrukt\u00edv.<\/p><p>Mit csin\u00e1lsz, ha ker\u00e9kp\u00e1rozol vagy futsz? Ha csak tudatoss\u00e1g n\u00e9lk\u00fcl mozogsz, az primit\u00edv. A girotoni\u00e1s mozg\u00e1s seg\u00edti a felk\u00e9sz\u00fcl\u00e9st \u00e9s a tan\u00edt\u00e1st, tanulsz valamit, kinyitod az \u00edz\u00fcletet, rugalmass\u00e1got viszel az izomrendszerbe, koordin\u00e1ci\u00f3t \u00e9s er\u0151t a sporthoz, mindenhez, az eg\u00e9sz \u00e9lethez.<\/p><p>A ker\u00e9kp\u00e1roz\u00e1s a legjobb p\u00e9lda erre. A test helyzete a ker\u00e9kp\u00e1ron mindent lez\u00e1r \u2013 az izomzatot, a zsigereket stb. Stimul\u00e1lhatja a sz\u00edvet \u00e9s a t\u00fcd\u0151t, de az embereknek der\u00e9kt\u00e1ji probl\u00e9m\u00e1i vannak, cs\u00edp\u0151f\u00e1jdalmaik, t\u00e9rdprobl\u00e9m\u00e1i, v\u00e1llprobl\u00e9m\u00e1i vannak. A mozg\u00e1s egy dologra j\u00f3 lehet, a sz\u00edv \u00e9s a t\u00fcd\u0151 stimul\u00e1l\u00e1s\u00e1ra, de nem tesz j\u00f3t az izomzatnak \u00e9s az \u00edz\u00fcleteknek. A Gyrotonic mozg\u00e1s az egyens\u00falyr\u00f3l sz\u00f3l \u00e9s mindent holisztikus m\u00f3don stimul\u00e1l, nem semmis\u00edt meg semmit.<\/p>\t\t\t\t\t\t\t\t<\/div>\n\t\t\t\t<\/div>\n\t\t\t\t\t<\/div>\n\t\t<\/div>\n\t\t\t\t<div class=\"elementor-column elementor-col-50 elementor-top-column elementor-element elementor-element-bc26fa7 elementor-hidden-tablet elementor-hidden-mobile\" data-id=\"bc26fa7\" data-element_type=\"column\" data-e-type=\"column\">\n\t\t\t<div class=\"elementor-widget-wrap elementor-element-populated\">\n\t\t\t\t\t\t<div class=\"elementor-element elementor-element-e3784bd elementor-widget elementor-widget-image\" data-id=\"e3784bd\" data-element_type=\"widget\" data-e-type=\"widget\" data-widget_type=\"image.default\">\n\t\t\t\t<div class=\"elementor-widget-container\">\n\t\t\t\t\t\t\t\t\t\t\t\t\t\t\t<img decoding=\"async\" width=\"718\" height=\"960\" src=\"https:\/\/gyrotoniccentralbudapest.hu\/wp-content\/uploads\/2021\/11\/gyrotonic-terapia.jpg\" class=\"attachment-large size-large wp-image-7122\" alt=\"gyrotonic ter\u00e1pia sor\u00e1n gy\u00f3gytorn\u00e1t v\u00e9gez egy n\u0151 n\u00e9metorsz\u00e1gi gy\u00f3gytorna st\u00fadi\u00f3ban\" srcset=\"https:\/\/gyrotoniccentralbudapest.hu\/wp-content\/uploads\/2021\/11\/gyrotonic-terapia.jpg 718w, https:\/\/gyrotoniccentralbudapest.hu\/wp-content\/uploads\/2021\/11\/gyrotonic-terapia-224x300.jpg 224w\" sizes=\"(max-width: 718px) 100vw, 718px\" \/>\t\t\t\t\t\t\t\t\t\t\t\t\t\t\t<\/div>\n\t\t\t\t<\/div>\n\t\t\t\t\t<\/div>\n\t\t<\/div>\n\t\t\t\t\t<\/div>\n\t\t<\/section>\n\t\t\t\t<section class=\"elementor-section elementor-top-section elementor-element elementor-element-5a8dd737 elementor-section-full_width elementor-section-height-min-height elementor-section-items-stretch elementor-section-content-middle elementor-reverse-tablet elementor-reverse-mobile elementor-section-height-default\" data-id=\"5a8dd737\" data-element_type=\"section\" data-e-type=\"section\" data-settings=\"{&quot;background_background&quot;:&quot;classic&quot;}\">\n\t\t\t\t\t\t<div class=\"elementor-container elementor-column-gap-no\">\n\t\t\t\t\t<div class=\"elementor-column elementor-col-100 elementor-top-column elementor-element elementor-element-7e287d86\" data-id=\"7e287d86\" data-element_type=\"column\" data-e-type=\"column\">\n\t\t\t<div class=\"elementor-widget-wrap elementor-element-populated\">\n\t\t\t\t\t\t<div class=\"elementor-element elementor-element-315c1a22 elementor-invisible elementor-widget elementor-widget-text-editor\" data-id=\"315c1a22\" data-element_type=\"widget\" data-e-type=\"widget\" data-settings=\"{&quot;_animation&quot;:&quot;fadeIn&quot;,&quot;_animation_mobile&quot;:&quot;none&quot;,&quot;_animation_delay&quot;:&quot;200&quot;}\" data-widget_type=\"text-editor.default\">\n\t\t\t\t<div class=\"elementor-widget-container\">\n\t\t\t\t\t\t\t\t\t<p>Paul Horv\u00e1th a h\u00e1tt\u00e9rb\u0151l megfigyelte a mozg\u00e1s biol\u00f3giai aktivit\u00e1s\u00e1t. \u00a0Ekkor felismerte, hogy m\u00e9g a legs\u00e9r\u00fcltebb emberrel is a lehet\u0151 leg\u00f6szt\u00f6n\u00f6sebb \u00e9s legalapvet\u0151bb mozdulattal lehet kezdeni \u2013 a l\u00e9gz\u00e9ssel. A l\u00e9gz\u00e9s minden ter\u00e1pi\u00e1s program k\u00f6zponti eleme.<\/p><p>Tal\u00e1n ez a k\u00fcl\u00f6nbs\u00e9g a klasszikus Gyrotonic oktat\u00e1s \u00e9s a ter\u00e1pi\u00e1s alkalmaz\u00e1s k\u00f6z\u00f6tt. A l\u00e9gz\u00e9s az els\u0151, a mozg\u00e1s el\u0151tt. A lass\u00fa l\u00e9gz\u00e9s felszabad\u00edthatja az embert, a lass\u00fa l\u00e9gz\u00e9s pedig v\u00e9g\u00fcl lehet\u0151v\u00e9 teszi a mozg\u00e1sban val\u00f3 egy\u00fcttm\u0171k\u00f6d\u00e9st.<\/p><p>A minim\u00e1lis mozg\u00e1s a legalapvet\u0151bb a nyelvmozg\u00e1ssal kezd\u0151dik. A k\u00f6vetkez\u0151 a minim\u00e1lis mozg\u00e1s a l\u00e1bbal vagy a karral, de az \u00ednakkal is. L\u00e9p\u00e9sr\u0151l l\u00e9p\u00e9sre a bonyolultabb mozdulatok fel\u00e9 halad, t\u00f6bb ir\u00e1ny \u00e9s fesz\u00fclts\u00e9g mellett. Ily m\u00f3don a szem\u00e9ly fokozatosan megszabadulhat a f\u00e1jdalomt\u00f3l.<\/p><p>St\u00fadi\u00f3nk Gyrotonic tr\u00e9nere, Majorosi-Kiss Vikt\u00f3ria, N\u00e9metorsz\u00e1gban szem\u00e9lyesen vett r\u00e9szt Paul Horv\u00e1th \u00a0\u00f6sszes kurzus\u00e1n \u00e9s saj\u00e1t\u00edtotta el Gyrotonic ter\u00e1pi\u00e1s m\u00f3dszer\u00e9t, melyet az\u00f3ta is sikeresen alkalmaz budapesti gy\u00f3gytorna st\u00fadi\u00f3j\u00e1ban olyan probl\u00e9m\u00e1k gy\u00f3gy\u00edt\u00e1s\u00e1ra mint a gerincs\u00e9rv, medence probl\u00e9ma, cs\u00edp\u0151 probl\u00e9ma, t\u00e9rd probl\u00e9ma, v\u00e1ll\u00f6v probl\u00e9ma kezel\u00e9se \u00e9s megsz\u00fcntet\u00e9se vagy a Scoliosis, m\u00e1sn\u00e9ven gerincferd\u00fcl\u00e9s kezel\u00e9se.<\/p>\t\t\t\t\t\t\t\t<\/div>\n\t\t\t\t<\/div>\n\t\t\t\t\t<\/div>\n\t\t<\/div>\n\t\t\t\t\t<\/div>\n\t\t<\/section>\n\t\t\t\t<\/div>\n\t\t","protected":false},"excerpt":{"rendered":"<p>Gyrotonic ter\u00e1pia A Gyrotonic ter\u00e1pia megalkot\u00f3ja Horv\u00e1th P\u00e1l, Juliu Horv\u00e1th testv\u00e9re, akinek megl\u00e1t\u00e1sai sok \u00e9ves torn\u00e1szk\u00e9nt, tornaedz\u0151k\u00e9nt \u00e9s gy\u00f3gytorn\u00e1szk\u00e9nt form\u00e1l\u00f3dtak \u00e9s megalkotva a Gyrotonic holisztikus mozg\u00e1srendszer ter\u00e1pi\u00e1s r\u00e9sz\u00e9t. Paul szerint a Gyrotonic ter\u00e1pi\u00e1s r\u00e9sze sokkal ink\u00e1bb gyakorlati, mintsem elm\u00e9leti, amit meg kell tapasztalni a meg\u00e9rt\u00e9shez. Ez is energikus \u00e9s a test belsej\u00e9ben zajl\u00f3 esem\u00e9nyek kivet\u00edt\u00e9se, [&hellip;]<\/p>\n","protected":false},"author":5,"featured_media":0,"parent":0,"menu_order":0,"comment_status":"closed","ping_status":"closed","template":"","meta":{"site-sidebar-layout":"no-sidebar","site-content-layout":"page-builder","ast-site-content-layout":"default","site-content-style":"default","site-sidebar-style":"default","ast-global-header-display":"","ast-banner-title-visibility":"","ast-main-header-display":"","ast-hfb-above-header-display":"","ast-hfb-below-header-display":"","ast-hfb-mobile-header-display":"","site-post-title":"disabled","ast-breadcrumbs-content":"","ast-featured-img":"disabled","footer-sml-layout":"","ast-disable-related-posts":"","theme-transparent-header-meta":"default","adv-header-id-meta":"","stick-header-meta":"","header-above-stick-meta":"","header-main-stick-meta":"","header-below-stick-meta":"","astra-migrate-meta-layouts":"default","ast-page-background-enabled":"default","ast-page-background-meta":{"desktop":{"background-color":"var(--ast-global-color-4)","background-image":"","background-repeat":"repeat","background-position":"center center","background-size":"auto","background-attachment":"scroll","background-type":"","background-media":"","overlay-type":"","overlay-color":"","overlay-opacity":"","overlay-gradient":""},"tablet":{"background-color":"","background-image":"","background-repeat":"repeat","background-position":"center center","background-size":"auto","background-attachment":"scroll","background-type":"","background-media":"","overlay-type":"","overlay-color":"","overlay-opacity":"","overlay-gradient":""},"mobile":{"background-color":"","background-image":"","background-repeat":"repeat","background-position":"center center","background-size":"auto","background-attachment":"scroll","background-type":"","background-media":"","overlay-type":"","overlay-color":"","overlay-opacity":"","overlay-gradient":""}},"ast-content-background-meta":{"desktop":{"background-color":"var(--ast-global-color-5)","background-image":"","background-repeat":"repeat","background-position":"center center","background-size":"auto","background-attachment":"scroll","background-type":"","background-media":"","overlay-type":"","overlay-color":"","overlay-opacity":"","overlay-gradient":""},"tablet":{"background-color":"var(--ast-global-color-5)","background-image":"","background-repeat":"repeat","background-position":"center center","background-size":"auto","background-attachment":"scroll","background-type":"","background-media":"","overlay-type":"","overlay-color":"","overlay-opacity":"","overlay-gradient":""},"mobile":{"background-color":"var(--ast-global-color-5)","background-image":"","background-repeat":"repeat","background-position":"center center","background-size":"auto","background-attachment":"scroll","background-type":"","background-media":"","overlay-type":"","overlay-color":"","overlay-opacity":"","overlay-gradient":""}},"footnotes":""},"class_list":["post-6642","page","type-page","status-publish","hentry"],"_links":{"self":[{"href":"https:\/\/gyrotoniccentralbudapest.hu\/index.php?rest_route=\/wp\/v2\/pages\/6642","targetHints":{"allow":["GET"]}}],"collection":[{"href":"https:\/\/gyrotoniccentralbudapest.hu\/index.php?rest_route=\/wp\/v2\/pages"}],"about":[{"href":"https:\/\/gyrotoniccentralbudapest.hu\/index.php?rest_route=\/wp\/v2\/types\/page"}],"author":[{"embeddable":true,"href":"https:\/\/gyrotoniccentralbudapest.hu\/index.php?rest_route=\/wp\/v2\/users\/5"}],"replies":[{"embeddable":true,"href":"https:\/\/gyrotoniccentralbudapest.hu\/index.php?rest_route=%2Fwp%2Fv2%2Fcomments&post=6642"}],"version-history":[{"count":0,"href":"https:\/\/gyrotoniccentralbudapest.hu\/index.php?rest_route=\/wp\/v2\/pages\/6642\/revisions"}],"wp:attachment":[{"href":"https:\/\/gyrotoniccentralbudapest.hu\/index.php?rest_route=%2Fwp%2Fv2%2Fmedia&parent=6642"}],"curies":[{"name":"wp","href":"https:\/\/api.w.org\/{rel}","templated":true}]}}