{"id":5888,"date":"2021-11-04T09:47:21","date_gmt":"2021-11-04T08:47:21","guid":{"rendered":"https:\/\/gyrotoniccentralbudapest.hu\/?page_id=5888"},"modified":"2023-05-13T07:35:20","modified_gmt":"2023-05-13T06:35:20","slug":"studionk","status":"publish","type":"page","link":"https:\/\/gyrotoniccentralbudapest.hu\/?page_id=5888","title":{"rendered":"St\u00fadi\u00f3nk"},"content":{"rendered":"\t\t<div data-elementor-type=\"wp-page\" data-elementor-id=\"5888\" class=\"elementor elementor-5888\">\n\t\t\t\t\t\t<section class=\"elementor-section elementor-top-section elementor-element elementor-element-5a0ed922 elementor-section-full_width elementor-section-height-min-height elementor-section-items-stretch elementor-section-content-middle elementor-section-height-default\" data-id=\"5a0ed922\" data-element_type=\"section\" data-e-type=\"section\">\n\t\t\t\t\t\t<div class=\"elementor-container elementor-column-gap-no\">\n\t\t\t\t\t<div class=\"elementor-column elementor-col-100 elementor-top-column elementor-element elementor-element-65f6ccc0\" data-id=\"65f6ccc0\" data-element_type=\"column\" data-e-type=\"column\">\n\t\t\t<div class=\"elementor-widget-wrap elementor-element-populated\">\n\t\t\t\t\t\t<section class=\"elementor-section elementor-inner-section elementor-element elementor-element-6e0e0236 elementor-section-boxed elementor-section-height-default elementor-section-height-default\" data-id=\"6e0e0236\" data-element_type=\"section\" data-e-type=\"section\">\n\t\t\t\t\t\t<div class=\"elementor-container elementor-column-gap-default\">\n\t\t\t\t\t<div class=\"elementor-column elementor-col-50 elementor-inner-column elementor-element elementor-element-64ef16ff\" data-id=\"64ef16ff\" data-element_type=\"column\" data-e-type=\"column\">\n\t\t\t<div class=\"elementor-widget-wrap elementor-element-populated\">\n\t\t\t\t\t\t<div class=\"elementor-element elementor-element-cf1533 elementor-widget elementor-widget-image\" data-id=\"cf1533\" data-element_type=\"widget\" data-e-type=\"widget\" data-widget_type=\"image.default\">\n\t\t\t\t<div class=\"elementor-widget-container\">\n\t\t\t\t\t\t\t\t\t\t\t\t\t\t\t<img fetchpriority=\"high\" decoding=\"async\" width=\"1024\" height=\"683\" src=\"https:\/\/gyrotoniccentralbudapest.hu\/wp-content\/uploads\/2021\/11\/magan-gyogytornasz-budapest.jpg\" class=\"attachment-large size-large wp-image-6996\" alt=\"budapesti gy\u00f3gytorna st\u00fadi\u00f3\" srcset=\"https:\/\/gyrotoniccentralbudapest.hu\/wp-content\/uploads\/2021\/11\/magan-gyogytornasz-budapest.jpg 1024w, https:\/\/gyrotoniccentralbudapest.hu\/wp-content\/uploads\/2021\/11\/magan-gyogytornasz-budapest-300x200.jpg 300w, https:\/\/gyrotoniccentralbudapest.hu\/wp-content\/uploads\/2021\/11\/magan-gyogytornasz-budapest-768x512.jpg 768w\" sizes=\"(max-width: 1024px) 100vw, 1024px\" \/>\t\t\t\t\t\t\t\t\t\t\t\t\t\t\t<\/div>\n\t\t\t\t<\/div>\n\t\t\t\t\t<\/div>\n\t\t<\/div>\n\t\t\t\t<div class=\"elementor-column elementor-col-50 elementor-inner-column elementor-element elementor-element-504507dc\" data-id=\"504507dc\" data-element_type=\"column\" data-e-type=\"column\">\n\t\t\t<div class=\"elementor-widget-wrap elementor-element-populated\">\n\t\t\t\t\t\t<div class=\"elementor-element elementor-element-4d46cdba elementor-invisible elementor-widget elementor-widget-heading\" data-id=\"4d46cdba\" data-element_type=\"widget\" data-e-type=\"widget\" data-settings=\"{&quot;_animation&quot;:&quot;fadeIn&quot;,&quot;_animation_mobile&quot;:&quot;none&quot;}\" data-widget_type=\"heading.default\">\n\t\t\t\t<div class=\"elementor-widget-container\">\n\t\t\t\t\t<h1 class=\"elementor-heading-title elementor-size-default\">St\u00fadi\u00f3nkr\u00f3l<\/h1>\t\t\t\t<\/div>\n\t\t\t\t<\/div>\n\t\t\t\t<div class=\"elementor-element elementor-element-8609077 elementor-widget-divider--view-line elementor-widget elementor-widget-divider\" data-id=\"8609077\" data-element_type=\"widget\" data-e-type=\"widget\" data-widget_type=\"divider.default\">\n\t\t\t\t<div class=\"elementor-widget-container\">\n\t\t\t\t\t\t\t<div class=\"elementor-divider\">\n\t\t\t<span class=\"elementor-divider-separator\">\n\t\t\t\t\t\t<\/span>\n\t\t<\/div>\n\t\t\t\t\t\t<\/div>\n\t\t\t\t<\/div>\n\t\t\t\t<div class=\"elementor-element elementor-element-15a296b3 elementor-invisible elementor-widget elementor-widget-text-editor\" data-id=\"15a296b3\" data-element_type=\"widget\" data-e-type=\"widget\" data-settings=\"{&quot;_animation&quot;:&quot;fadeIn&quot;,&quot;_animation_mobile&quot;:&quot;none&quot;,&quot;_animation_delay&quot;:&quot;200&quot;}\" data-widget_type=\"text-editor.default\">\n\t\t\t\t<div class=\"elementor-widget-container\">\n\t\t\t\t\t\t\t\t\t<p>Budapesti\u00a0 gerinctorna st\u00fadi\u00f3nkban egy\u00e9ni \u00f3r\u00e1k keret\u00e9ben t\u00f6rt\u00e9nik a sportol\u00e1s, \u00edgy v\u00e1rjuk mindazon vend\u00e9geinket, akiknek hi\u00e1nyzik a mozg\u00e1s, vagy a megfelel\u0151 ter\u00e1pi\u00e1s ell\u00e1t\u00e1s, ugyanakkor fontos a biztons\u00e1gos k\u00f6rnyezet. Folyamatos fert\u0151tlen\u00edt\u00e9s (l\u00e9gtiszt\u00edt\u00e1s, fert\u0151tlen\u00edt\u00e9s, tiszt\u00edt\u00f3 hat\u00e1s\u00fa ill\u00f3olajok) mellett steril, intim \u00e9s biztons\u00e1gos k\u00f6rnyeztet biztos\u00edtunk a vend\u00e9geink sz\u00e1m\u00e1ra, ahol 6 speci\u00e1lis <span style=\"font-family: 'Times New Roman';\"><strong>GYROTONIC\u00ae<\/strong>\u00a0<\/span> g\u00e9p \u00e1ll rendelkez\u00e9sre.<\/p><p>A Gyrotonic Central Budapest mozg\u00e1sst\u00fadi\u00f3 k\u00fcl\u00f6nleges adotts\u00e1gainak k\u00f6sz\u00f6nhet\u0151en minden olyan felt\u00e9telt megteremtett\u00fcnk, mely nemcsak minden ig\u00e9ny kiel\u00e9g\u00edt, de vend\u00e9geink egym\u00e1st\u00f3l teljesen elszepar\u00e1lva tudnak mozogni: k\u00e9t k\u00fcl\u00f6n terem a sportol\u00e1shoz, ahol egyed\u00fcl a tr\u00e9nereddel sportolhatsz, k\u00e9t k\u00fcl\u00f6n bej\u00e1rat, k\u00fcl\u00f6n \u00f6lt\u00f6z\u0151k, k\u00fcl\u00f6n mosd\u00f3k, k\u00fcl\u00f6n zuhanyz\u00f3k, az egy\u00e9ni \u00f3r\u00e1kon csak veled foglalkozunk.<\/p>\t\t\t\t\t\t\t\t<\/div>\n\t\t\t\t<\/div>\n\t\t\t\t\t<\/div>\n\t\t<\/div>\n\t\t\t\t\t<\/div>\n\t\t<\/section>\n\t\t\t\t\t<\/div>\n\t\t<\/div>\n\t\t\t\t\t<\/div>\n\t\t<\/section>\n\t\t\t\t<section class=\"elementor-section elementor-top-section elementor-element elementor-element-049025d elementor-section-boxed elementor-section-height-default elementor-section-height-default\" data-id=\"049025d\" data-element_type=\"section\" data-e-type=\"section\">\n\t\t\t\t\t\t<div class=\"elementor-container elementor-column-gap-default\">\n\t\t\t\t\t<div class=\"elementor-column elementor-col-100 elementor-top-column elementor-element elementor-element-f4831ff\" data-id=\"f4831ff\" data-element_type=\"column\" data-e-type=\"column\">\n\t\t\t<div class=\"elementor-widget-wrap elementor-element-populated\">\n\t\t\t\t\t\t<div class=\"elementor-element elementor-element-8a4b32f elementor-widget elementor-widget-gallery\" data-id=\"8a4b32f\" data-element_type=\"widget\" data-e-type=\"widget\" data-widget_type=\"gallery.default\">\n\t\t\t\t<div class=\"elementor-widget-container\">\n\t\t\t\t\t \t\t\t\t<\/div>\n\t\t\t\t<\/div>\n\t\t\t\t\t<\/div>\n\t\t<\/div>\n\t\t\t\t\t<\/div>\n\t\t<\/section>\n\t\t\t\t<section class=\"elementor-section elementor-top-section elementor-element elementor-element-589cafa6 elementor-section-boxed elementor-section-height-default elementor-section-height-default\" data-id=\"589cafa6\" data-element_type=\"section\" data-e-type=\"section\" data-settings=\"{&quot;background_background&quot;:&quot;classic&quot;}\">\n\t\t\t\t\t\t<div class=\"elementor-container elementor-column-gap-no\">\n\t\t\t\t\t<div class=\"elementor-column elementor-col-100 elementor-top-column elementor-element elementor-element-5fbf4a7f\" data-id=\"5fbf4a7f\" data-element_type=\"column\" data-e-type=\"column\">\n\t\t\t<div class=\"elementor-widget-wrap elementor-element-populated\">\n\t\t\t\t\t\t<div class=\"elementor-element elementor-element-1f91540 elementor-invisible elementor-widget elementor-widget-heading\" data-id=\"1f91540\" data-element_type=\"widget\" data-e-type=\"widget\" data-settings=\"{&quot;_animation&quot;:&quot;fadeIn&quot;,&quot;_animation_mobile&quot;:&quot;none&quot;}\" data-widget_type=\"heading.default\">\n\t\t\t\t<div class=\"elementor-widget-container\">\n\t\t\t\t\t<h2 class=\"elementor-heading-title elementor-size-default\">Gyrotonic gerinctorna g\u00e9peink<\/h2>\t\t\t\t<\/div>\n\t\t\t\t<\/div>\n\t\t\t\t<div class=\"elementor-element elementor-element-9b9f806 elementor-widget-divider--view-line elementor-widget elementor-widget-divider\" data-id=\"9b9f806\" data-element_type=\"widget\" data-e-type=\"widget\" data-widget_type=\"divider.default\">\n\t\t\t\t<div class=\"elementor-widget-container\">\n\t\t\t\t\t\t\t<div class=\"elementor-divider\">\n\t\t\t<span class=\"elementor-divider-separator\">\n\t\t\t\t\t\t<\/span>\n\t\t<\/div>\n\t\t\t\t\t\t<\/div>\n\t\t\t\t<\/div>\n\t\t\t\t<section class=\"elementor-section elementor-inner-section elementor-element elementor-element-36e60bbb elementor-section-boxed elementor-section-height-default elementor-section-height-default\" data-id=\"36e60bbb\" data-element_type=\"section\" data-e-type=\"section\">\n\t\t\t\t\t\t<div class=\"elementor-container elementor-column-gap-default\">\n\t\t\t\t\t<div class=\"elementor-column elementor-col-25 elementor-inner-column elementor-element elementor-element-7c70363d\" data-id=\"7c70363d\" data-element_type=\"column\" data-e-type=\"column\">\n\t\t\t<div class=\"elementor-widget-wrap elementor-element-populated\">\n\t\t\t\t\t\t<div class=\"elementor-element elementor-element-6ed69d69 elementor-widget elementor-widget-call-to-action\" data-id=\"6ed69d69\" data-element_type=\"widget\" data-e-type=\"widget\" data-widget_type=\"call-to-action.default\">\n\t\t\t\t<div class=\"elementor-widget-container\">\n\t\t\t\t\t \t\t\t\t<\/div>\n\t\t\t\t<\/div>\n\t\t\t\t\t<\/div>\n\t\t<\/div>\n\t\t\t\t<div class=\"elementor-column elementor-col-25 elementor-inner-column elementor-element elementor-element-13644eef\" data-id=\"13644eef\" data-element_type=\"column\" data-e-type=\"column\">\n\t\t\t<div class=\"elementor-widget-wrap elementor-element-populated\">\n\t\t\t\t\t\t<div class=\"elementor-element elementor-element-3685fc49 elementor-widget elementor-widget-call-to-action\" data-id=\"3685fc49\" data-element_type=\"widget\" data-e-type=\"widget\" data-widget_type=\"call-to-action.default\">\n\t\t\t\t<div class=\"elementor-widget-container\">\n\t\t\t\t\t \t\t\t\t<\/div>\n\t\t\t\t<\/div>\n\t\t\t\t\t<\/div>\n\t\t<\/div>\n\t\t\t\t<div class=\"elementor-column elementor-col-25 elementor-inner-column elementor-element elementor-element-5bfc426\" data-id=\"5bfc426\" data-element_type=\"column\" data-e-type=\"column\">\n\t\t\t<div class=\"elementor-widget-wrap elementor-element-populated\">\n\t\t\t\t\t\t<div class=\"elementor-element elementor-element-13f6a7e5 elementor-widget elementor-widget-call-to-action\" data-id=\"13f6a7e5\" data-element_type=\"widget\" data-e-type=\"widget\" data-widget_type=\"call-to-action.default\">\n\t\t\t\t<div class=\"elementor-widget-container\">\n\t\t\t\t\t \t\t\t\t<\/div>\n\t\t\t\t<\/div>\n\t\t\t\t\t<\/div>\n\t\t<\/div>\n\t\t\t\t<div class=\"elementor-column elementor-col-25 elementor-inner-column elementor-element elementor-element-4f695380\" data-id=\"4f695380\" data-element_type=\"column\" data-e-type=\"column\">\n\t\t\t<div class=\"elementor-widget-wrap elementor-element-populated\">\n\t\t\t\t\t\t<div class=\"elementor-element elementor-element-75e5fed1 elementor-widget elementor-widget-call-to-action\" data-id=\"75e5fed1\" data-element_type=\"widget\" data-e-type=\"widget\" data-widget_type=\"call-to-action.default\">\n\t\t\t\t<div class=\"elementor-widget-container\">\n\t\t\t\t\t \t\t\t\t<\/div>\n\t\t\t\t<\/div>\n\t\t\t\t\t<\/div>\n\t\t<\/div>\n\t\t\t\t\t<\/div>\n\t\t<\/section>\n\t\t\t\t<section class=\"elementor-section elementor-inner-section elementor-element elementor-element-62788aae elementor-section-boxed elementor-section-height-default elementor-section-height-default\" data-id=\"62788aae\" data-element_type=\"section\" data-e-type=\"section\">\n\t\t\t\t\t\t<div class=\"elementor-container elementor-column-gap-default\">\n\t\t\t\t\t<div class=\"elementor-column elementor-col-100 elementor-inner-column elementor-element elementor-element-6128d53e\" data-id=\"6128d53e\" data-element_type=\"column\" data-e-type=\"column\">\n\t\t\t<div class=\"elementor-widget-wrap elementor-element-populated\">\n\t\t\t\t\t\t<div class=\"elementor-element elementor-element-1e7effb3 elementor-align-center elementor-widget elementor-widget-button\" data-id=\"1e7effb3\" data-element_type=\"widget\" data-e-type=\"widget\" data-widget_type=\"button.default\">\n\t\t\t\t<div class=\"elementor-widget-container\">\n\t\t\t\t\t\t\t\t\t<div class=\"elementor-button-wrapper\">\n\t\t\t\t\t<a class=\"elementor-button elementor-button-link elementor-size-md\" href=\"https:\/\/gyrotoniccentralbudapest.hu\/gerinctorna-gepek\/\">\n\t\t\t\t\t\t<span class=\"elementor-button-content-wrapper\">\n\t\t\t\t\t\t\t\t\t<span class=\"elementor-button-text\">Tov\u00e1bb a g\u00e9pek le\u00edr\u00e1s\u00e1ra \u2192<\/span>\n\t\t\t\t\t<\/span>\n\t\t\t\t\t<\/a>\n\t\t\t\t<\/div>\n\t\t\t\t\t\t\t\t<\/div>\n\t\t\t\t<\/div>\n\t\t\t\t\t<\/div>\n\t\t<\/div>\n\t\t\t\t\t<\/div>\n\t\t<\/section>\n\t\t\t\t\t<\/div>\n\t\t<\/div>\n\t\t\t\t\t<\/div>\n\t\t<\/section>\n\t\t\t\t<\/div>\n\t\t","protected":false},"excerpt":{"rendered":"<p>St\u00fadi\u00f3nkr\u00f3l Budapesti\u00a0 gerinctorna st\u00fadi\u00f3nkban egy\u00e9ni \u00f3r\u00e1k keret\u00e9ben t\u00f6rt\u00e9nik a sportol\u00e1s, \u00edgy v\u00e1rjuk mindazon vend\u00e9geinket, akiknek hi\u00e1nyzik a mozg\u00e1s, vagy a megfelel\u0151 ter\u00e1pi\u00e1s ell\u00e1t\u00e1s, ugyanakkor fontos a biztons\u00e1gos k\u00f6rnyezet. Folyamatos fert\u0151tlen\u00edt\u00e9s (l\u00e9gtiszt\u00edt\u00e1s, fert\u0151tlen\u00edt\u00e9s, tiszt\u00edt\u00f3 hat\u00e1s\u00fa ill\u00f3olajok) mellett steril, intim \u00e9s biztons\u00e1gos k\u00f6rnyeztet biztos\u00edtunk a vend\u00e9geink sz\u00e1m\u00e1ra, ahol 6 speci\u00e1lis GYROTONIC\u00ae\u00a0 g\u00e9p \u00e1ll rendelkez\u00e9sre. A Gyrotonic Central [&hellip;]<\/p>\n","protected":false},"author":5,"featured_media":0,"parent":0,"menu_order":0,"comment_status":"closed","ping_status":"closed","template":"elementor_header_footer","meta":{"site-sidebar-layout":"no-sidebar","site-content-layout":"page-builder","ast-site-content-layout":"default","site-content-style":"default","site-sidebar-style":"default","ast-global-header-display":"","ast-banner-title-visibility":"","ast-main-header-display":"","ast-hfb-above-header-display":"","ast-hfb-below-header-display":"","ast-hfb-mobile-header-display":"","site-post-title":"disabled","ast-breadcrumbs-content":"","ast-featured-img":"disabled","footer-sml-layout":"","ast-disable-related-posts":"","theme-transparent-header-meta":"default","adv-header-id-meta":"","stick-header-meta":"","header-above-stick-meta":"","header-main-stick-meta":"","header-below-stick-meta":"","astra-migrate-meta-layouts":"default","ast-page-background-enabled":"default","ast-page-background-meta":{"desktop":{"background-color":"var(--ast-global-color-4)","background-image":"","background-repeat":"repeat","background-position":"center center","background-size":"auto","background-attachment":"scroll","background-type":"","background-media":"","overlay-type":"","overlay-color":"","overlay-opacity":"","overlay-gradient":""},"tablet":{"background-color":"","background-image":"","background-repeat":"repeat","background-position":"center center","background-size":"auto","background-attachment":"scroll","background-type":"","background-media":"","overlay-type":"","overlay-color":"","overlay-opacity":"","overlay-gradient":""},"mobile":{"background-color":"","background-image":"","background-repeat":"repeat","background-position":"center center","background-size":"auto","background-attachment":"scroll","background-type":"","background-media":"","overlay-type":"","overlay-color":"","overlay-opacity":"","overlay-gradient":""}},"ast-content-background-meta":{"desktop":{"background-color":"var(--ast-global-color-5)","background-image":"","background-repeat":"repeat","background-position":"center center","background-size":"auto","background-attachment":"scroll","background-type":"","background-media":"","overlay-type":"","overlay-color":"","overlay-opacity":"","overlay-gradient":""},"tablet":{"background-color":"var(--ast-global-color-5)","background-image":"","background-repeat":"repeat","background-position":"center center","background-size":"auto","background-attachment":"scroll","background-type":"","background-media":"","overlay-type":"","overlay-color":"","overlay-opacity":"","overlay-gradient":""},"mobile":{"background-color":"var(--ast-global-color-5)","background-image":"","background-repeat":"repeat","background-position":"center center","background-size":"auto","background-attachment":"scroll","background-type":"","background-media":"","overlay-type":"","overlay-color":"","overlay-opacity":"","overlay-gradient":""}},"footnotes":""},"class_list":["post-5888","page","type-page","status-publish","hentry"],"_links":{"self":[{"href":"https:\/\/gyrotoniccentralbudapest.hu\/index.php?rest_route=\/wp\/v2\/pages\/5888","targetHints":{"allow":["GET"]}}],"collection":[{"href":"https:\/\/gyrotoniccentralbudapest.hu\/index.php?rest_route=\/wp\/v2\/pages"}],"about":[{"href":"https:\/\/gyrotoniccentralbudapest.hu\/index.php?rest_route=\/wp\/v2\/types\/page"}],"author":[{"embeddable":true,"href":"https:\/\/gyrotoniccentralbudapest.hu\/index.php?rest_route=\/wp\/v2\/users\/5"}],"replies":[{"embeddable":true,"href":"https:\/\/gyrotoniccentralbudapest.hu\/index.php?rest_route=%2Fwp%2Fv2%2Fcomments&post=5888"}],"version-history":[{"count":0,"href":"https:\/\/gyrotoniccentralbudapest.hu\/index.php?rest_route=\/wp\/v2\/pages\/5888\/revisions"}],"wp:attachment":[{"href":"https:\/\/gyrotoniccentralbudapest.hu\/index.php?rest_route=%2Fwp%2Fv2%2Fmedia&parent=5888"}],"curies":[{"name":"wp","href":"https:\/\/api.w.org\/{rel}","templated":true}]}}