{"id":5827,"date":"2021-11-03T17:18:19","date_gmt":"2021-11-03T16:18:19","guid":{"rendered":"https:\/\/gyrotoniccentralbudapest.hu\/?page_id=5827"},"modified":"2023-05-13T07:12:35","modified_gmt":"2023-05-13T06:12:35","slug":"mutet-utani-rehabilitacio","status":"publish","type":"page","link":"https:\/\/gyrotoniccentralbudapest.hu\/?page_id=5827","title":{"rendered":"Rehabilit\u00e1ci\u00f3"},"content":{"rendered":"\t\t<div data-elementor-type=\"wp-page\" data-elementor-id=\"5827\" class=\"elementor elementor-5827\">\n\t\t\t\t\t\t<section class=\"elementor-section elementor-top-section elementor-element elementor-element-6e6f83da elementor-section-full_width elementor-section-height-min-height elementor-section-items-stretch elementor-section-content-middle elementor-section-height-default\" data-id=\"6e6f83da\" data-element_type=\"section\" data-e-type=\"section\">\n\t\t\t\t\t\t<div class=\"elementor-container elementor-column-gap-no\">\n\t\t\t\t\t<div class=\"elementor-column elementor-col-100 elementor-top-column elementor-element elementor-element-6788da9b\" data-id=\"6788da9b\" data-element_type=\"column\" data-e-type=\"column\">\n\t\t\t<div class=\"elementor-widget-wrap elementor-element-populated\">\n\t\t\t\t\t\t<section class=\"elementor-section elementor-inner-section elementor-element elementor-element-2bd4b871 elementor-section-boxed elementor-section-height-default elementor-section-height-default\" data-id=\"2bd4b871\" data-element_type=\"section\" data-e-type=\"section\">\n\t\t\t\t\t\t<div class=\"elementor-container elementor-column-gap-default\">\n\t\t\t\t\t<div class=\"elementor-column elementor-col-50 elementor-inner-column elementor-element elementor-element-bf27070\" data-id=\"bf27070\" data-element_type=\"column\" data-e-type=\"column\">\n\t\t\t<div class=\"elementor-widget-wrap elementor-element-populated\">\n\t\t\t\t\t\t<div class=\"elementor-element elementor-element-7102e051 elementor-widget elementor-widget-image\" data-id=\"7102e051\" data-element_type=\"widget\" data-e-type=\"widget\" data-widget_type=\"image.default\">\n\t\t\t\t<div class=\"elementor-widget-container\">\n\t\t\t\t\t\t\t\t\t\t\t\t\t\t\t<img fetchpriority=\"high\" decoding=\"async\" width=\"768\" height=\"768\" src=\"https:\/\/gyrotoniccentralbudapest.hu\/wp-content\/uploads\/2021\/11\/mutet-utani-rehabilitacio-1.jpg\" class=\"attachment-large size-large wp-image-6929\" alt=\"m\u0171t\u00e9t ut\u00e1n rehabilit\u00e1ci\u00f3s gy\u00f3gytorn\u00e1t v\u00e9gz\u0151 kerekessz\u00e9kes n\u0151 a mozg\u00e1sterapeut\u00e1val\" srcset=\"https:\/\/gyrotoniccentralbudapest.hu\/wp-content\/uploads\/2021\/11\/mutet-utani-rehabilitacio-1.jpg 768w, https:\/\/gyrotoniccentralbudapest.hu\/wp-content\/uploads\/2021\/11\/mutet-utani-rehabilitacio-1-300x300.jpg 300w, https:\/\/gyrotoniccentralbudapest.hu\/wp-content\/uploads\/2021\/11\/mutet-utani-rehabilitacio-1-150x150.jpg 150w\" sizes=\"(max-width: 768px) 100vw, 768px\" \/>\t\t\t\t\t\t\t\t\t\t\t\t\t\t\t<\/div>\n\t\t\t\t<\/div>\n\t\t\t\t\t<\/div>\n\t\t<\/div>\n\t\t\t\t<div class=\"elementor-column elementor-col-50 elementor-inner-column elementor-element elementor-element-528a3fd4\" data-id=\"528a3fd4\" data-element_type=\"column\" data-e-type=\"column\">\n\t\t\t<div class=\"elementor-widget-wrap elementor-element-populated\">\n\t\t\t\t\t\t<div class=\"elementor-element elementor-element-4871b63c elementor-invisible elementor-widget elementor-widget-heading\" data-id=\"4871b63c\" data-element_type=\"widget\" data-e-type=\"widget\" data-settings=\"{&quot;_animation&quot;:&quot;fadeIn&quot;,&quot;_animation_mobile&quot;:&quot;none&quot;}\" data-widget_type=\"heading.default\">\n\t\t\t\t<div class=\"elementor-widget-container\">\n\t\t\t\t\t<h1 class=\"elementor-heading-title elementor-size-default\">Gyrotonic gy\u00f3gytorna \u00e9s a m\u0171t\u00e9t ut\u00e1ni rehabilit\u00e1ci\u00f3<\/h1>\t\t\t\t<\/div>\n\t\t\t\t<\/div>\n\t\t\t\t<div class=\"elementor-element elementor-element-ab58479 elementor-invisible elementor-widget elementor-widget-text-editor\" data-id=\"ab58479\" data-element_type=\"widget\" data-e-type=\"widget\" data-settings=\"{&quot;_animation&quot;:&quot;fadeIn&quot;,&quot;_animation_mobile&quot;:&quot;none&quot;,&quot;_animation_delay&quot;:&quot;200&quot;}\" data-widget_type=\"text-editor.default\">\n\t\t\t\t<div class=\"elementor-widget-container\">\n\t\t\t\t\t\t\t\t\t<p>A <span style=\"font-family: 'Times New Roman';\"><strong>GYROTONIC\u00ae<\/strong>\u00a0<\/span> m\u00f3dszert \u00e9pp egy olyan elit t\u00e1ncos, Juliu Horvath fejlesztette ki, aki maga is s\u00falyos h\u00e1ts\u00e9r\u00fcl\u00e9s\u00e9b\u0151l az \u00e1ltala k\u00e9zzel meg\u00e9p\u00edtett g\u00e9p seg\u00edts\u00e9g\u00e9vel \u00e9p\u00fclt fel teljesen, hiszen a g\u00e9p \u00e9s a mozg\u00e1srendszer k\u00e9pes volt a s\u00e9r\u00fclt izmok, \u00ednak \u00e9s szalagok finom meger\u0151s\u00edt\u00e9s\u00e9re \u00e9s ny\u00fajt\u00e1s\u00e1ra.<\/p><p>A <span style=\"font-family: 'Times New Roman';\"><strong>GYROTONIC\u00ae<\/strong>\u00a0<\/span> gy\u00f3gytorna a gerincmozg\u00e1sok \u00e9s az \u00edz\u00fcletek artikul\u00e1ci\u00f3j\u00e1nak teljes sk\u00e1l\u00e1j\u00e1t teszi lehet\u0151v\u00e9, \u00edgy minden m\u00e1s edz\u0151eszk\u00f6zn\u00e9l jobban megny\u00fajtja az \u00f6sszenyomott vagy s\u00e9r\u00fclt \u00edz\u00fcleteket. Ahogy az \u00edz\u00fcletek mozognak \u00e9s finoman ny\u00falnak, helyre\u00e1ll\u00edtja a v\u00e9r\u00e1raml\u00e1st \u00e9s t\u00e1pl\u00e1lja a szalagokat, ami felgyors\u00edtja a gy\u00f3gyul\u00e1st vagy a m\u0171t\u00e9t ut\u00e1ni rehabilit\u00e1ci\u00f3t.<\/p><p>Az \u00e9vek sor\u00e1n t\u00f6bb olyan \u00fcgyfel\u00fcnknek seg\u00edtett\u00fcnk Gyrotonic gy\u00f3gytorna seg\u00edts\u00e9g\u00e9vel, aki k\u00fcl\u00f6nb\u00f6z\u0151 s\u00e9r\u00fcl\u00e9sb\u0151l l\u00e1badozott vagy \u00e9pp m\u0171t\u00e9t ut\u00e1ni rehabilit\u00e1ci\u00f3ban volt.<\/p>\t\t\t\t\t\t\t\t<\/div>\n\t\t\t\t<\/div>\n\t\t\t\t\t<\/div>\n\t\t<\/div>\n\t\t\t\t\t<\/div>\n\t\t<\/section>\n\t\t\t\t\t<\/div>\n\t\t<\/div>\n\t\t\t\t\t<\/div>\n\t\t<\/section>\n\t\t\t\t<section class=\"elementor-section elementor-top-section elementor-element elementor-element-7b57b5c6 elementor-section-full_width elementor-section-height-min-height elementor-section-items-stretch elementor-section-content-middle elementor-reverse-tablet elementor-reverse-mobile elementor-section-height-default\" data-id=\"7b57b5c6\" data-element_type=\"section\" data-e-type=\"section\" data-settings=\"{&quot;background_background&quot;:&quot;classic&quot;,&quot;shape_divider_top&quot;:&quot;waves&quot;,&quot;shape_divider_top_negative&quot;:&quot;yes&quot;}\">\n\t\t\t\t\t<div class=\"elementor-shape elementor-shape-top\" aria-hidden=\"true\" data-negative=\"true\">\n\t\t\t<svg xmlns=\"http:\/\/www.w3.org\/2000\/svg\" viewBox=\"0 0 1000 100\" preserveAspectRatio=\"none\">\n\t<path class=\"elementor-shape-fill\" d=\"M790.5,93.1c-59.3-5.3-116.8-18-192.6-50c-29.6-12.7-76.9-31-100.5-35.9c-23.6-4.9-52.6-7.8-75.5-5.3\n\tc-10.2,1.1-22.6,1.4-50.1,7.4c-27.2,6.3-58.2,16.6-79.4,24.7c-41.3,15.9-94.9,21.9-134,22.6C72,58.2,0,25.8,0,25.8V100h1000V65.3\n\tc0,0-51.5,19.4-106.2,25.7C839.5,97,814.1,95.2,790.5,93.1z\"\/>\n<\/svg>\t\t<\/div>\n\t\t\t\t\t<div class=\"elementor-container elementor-column-gap-no\">\n\t\t\t\t\t<div class=\"elementor-column elementor-col-100 elementor-top-column elementor-element elementor-element-552d304\" data-id=\"552d304\" data-element_type=\"column\" data-e-type=\"column\">\n\t\t\t<div class=\"elementor-widget-wrap elementor-element-populated\">\n\t\t\t\t\t\t<div class=\"elementor-element elementor-element-4a8ac2de elementor-invisible elementor-widget elementor-widget-text-editor\" data-id=\"4a8ac2de\" data-element_type=\"widget\" data-e-type=\"widget\" data-settings=\"{&quot;_animation&quot;:&quot;fadeIn&quot;,&quot;_animation_mobile&quot;:&quot;none&quot;,&quot;_animation_delay&quot;:&quot;200&quot;}\" data-widget_type=\"text-editor.default\">\n\t\t\t\t<div class=\"elementor-widget-container\">\n\t\t\t\t\t\t\t\t\t<p>Ilyen p\u00e9ld\u00e1ul Kinga, st\u00fadi\u00f3nk p\u00e9ldak\u00e9pe, akinek k\u00fczdelmes t\u00f6rt\u00e9nete igazolja, mire k\u00e9pes az ember: csaknem \u00f6t h\u00f3napot fek\u00fcdt k\u00f3m\u00e1ban egy betegs\u00e9g miatt, elvesztette az egyens\u00faly\u00e1t \u00e9s merevv\u00e9 v\u00e1ltak az izmai, \u00edz\u00fcletei. \u00dajra kellett tanulnia eml\u00e9kezni, besz\u00e9lni \u00e9s j\u00e1rni. Ez ut\u00f3bbiban jelent\u0151s szerepet j\u00e1tszott a Gyrotonic gy\u00f3gytorna, amellyel m\u00e9g Amerik\u00e1ban ismerkedett meg. K\u00f6zel t\u00edz \u00e9v telt az\u00f3ta, de Kinga ma sem hagyna ki egy tr\u00e9ninget sem, st\u00fadi\u00f3nk egyik legelk\u00f6telezettebb \u00e9s leglelkesebb rajong\u00f3ja, mi pedig az \u00f6v\u00e9.<\/p><p>Most \u0151 osztja meg veletek tapasztalatait:<\/p>\t\t\t\t\t\t\t\t<\/div>\n\t\t\t\t<\/div>\n\t\t\t\t<div class=\"elementor-element elementor-element-eb49cd3 elementor-widget elementor-widget-testimonial-carousel\" data-id=\"eb49cd3\" data-element_type=\"widget\" data-e-type=\"widget\" data-widget_type=\"testimonial-carousel.default\">\n\t\t\t\t<div class=\"elementor-widget-container\">\n\t\t\t\t\t \t\t\t\t<\/div>\n\t\t\t\t<\/div>\n\t\t\t\t<div class=\"elementor-element elementor-element-ee70851 elementor-widget elementor-widget-heading\" data-id=\"ee70851\" data-element_type=\"widget\" data-e-type=\"widget\" data-widget_type=\"heading.default\">\n\t\t\t\t<div class=\"elementor-widget-container\">\n\t\t\t\t\t<h2 class=\"elementor-heading-title elementor-size-default\">Kinga a Gyrotonic el\u0151tt \u00e9s ut\u00e1n<\/h2>\t\t\t\t<\/div>\n\t\t\t\t<\/div>\n\t\t\t\t<div class=\"elementor-element elementor-element-c6d995e elementor-widget-divider--view-line elementor-widget elementor-widget-divider\" data-id=\"c6d995e\" data-element_type=\"widget\" data-e-type=\"widget\" data-widget_type=\"divider.default\">\n\t\t\t\t<div class=\"elementor-widget-container\">\n\t\t\t\t\t\t\t<div class=\"elementor-divider\">\n\t\t\t<span class=\"elementor-divider-separator\">\n\t\t\t\t\t\t<\/span>\n\t\t<\/div>\n\t\t\t\t\t\t<\/div>\n\t\t\t\t<\/div>\n\t\t\t\t<section class=\"elementor-section elementor-inner-section elementor-element elementor-element-23b4281 elementor-section-full_width elementor-section-height-min-height elementor-section-height-default\" data-id=\"23b4281\" data-element_type=\"section\" data-e-type=\"section\">\n\t\t\t\t\t\t<div class=\"elementor-container elementor-column-gap-default\">\n\t\t\t\t\t<div class=\"elementor-column elementor-col-50 elementor-inner-column elementor-element elementor-element-e92d227\" data-id=\"e92d227\" data-element_type=\"column\" data-e-type=\"column\">\n\t\t\t<div class=\"elementor-widget-wrap elementor-element-populated\">\n\t\t\t\t\t\t<div class=\"elementor-element elementor-element-4519ff1 elementor-widget elementor-widget-image\" data-id=\"4519ff1\" data-element_type=\"widget\" data-e-type=\"widget\" data-widget_type=\"image.default\">\n\t\t\t\t<div class=\"elementor-widget-container\">\n\t\t\t\t\t\t\t\t\t\t\t\t\t\t\t<img decoding=\"async\" width=\"768\" height=\"1024\" src=\"https:\/\/gyrotoniccentralbudapest.hu\/wp-content\/uploads\/2021\/11\/gyogytorna-serules-768x1024.jpg\" class=\"attachment-large size-large wp-image-6933\" alt=\"s\u00e9r\u00fcl\u00e9s ut\u00e1n gy\u00f3gytorn\u00e1t v\u00e9gz\u0151 kerekessz\u00e9kes n\u0151 a mozg\u00e1sterapeut\u00e1val \u00fclve\" srcset=\"https:\/\/gyrotoniccentralbudapest.hu\/wp-content\/uploads\/2021\/11\/gyogytorna-serules-768x1024.jpg 768w, https:\/\/gyrotoniccentralbudapest.hu\/wp-content\/uploads\/2021\/11\/gyogytorna-serules-225x300.jpg 225w, https:\/\/gyrotoniccentralbudapest.hu\/wp-content\/uploads\/2021\/11\/gyogytorna-serules-1152x1536.jpg 1152w, https:\/\/gyrotoniccentralbudapest.hu\/wp-content\/uploads\/2021\/11\/gyogytorna-serules.jpg 1536w\" sizes=\"(max-width: 768px) 100vw, 768px\" \/>\t\t\t\t\t\t\t\t\t\t\t\t\t\t\t<\/div>\n\t\t\t\t<\/div>\n\t\t\t\t\t<\/div>\n\t\t<\/div>\n\t\t\t\t<div class=\"elementor-column elementor-col-50 elementor-inner-column elementor-element elementor-element-244253d\" data-id=\"244253d\" data-element_type=\"column\" data-e-type=\"column\">\n\t\t\t<div class=\"elementor-widget-wrap elementor-element-populated\">\n\t\t\t\t\t\t<div class=\"elementor-element elementor-element-f562774 elementor-widget elementor-widget-image\" data-id=\"f562774\" data-element_type=\"widget\" data-e-type=\"widget\" data-widget_type=\"image.default\">\n\t\t\t\t<div class=\"elementor-widget-container\">\n\t\t\t\t\t\t\t\t\t\t\t\t\t\t\t<img decoding=\"async\" width=\"720\" height=\"960\" src=\"https:\/\/gyrotoniccentralbudapest.hu\/wp-content\/uploads\/2021\/11\/mutet-utani-gyogytorna.jpg\" class=\"attachment-large size-large wp-image-6934\" alt=\"m\u0171t\u00e9t ut\u00e1ni rehabilit\u00e1ci\u00f3s gy\u00f3gytorna kezel\u00e9s ut\u00e1n a n\u0151 l\u00e1bon \u00e1ll a mozg\u00e1sterapeuta mellett\" srcset=\"https:\/\/gyrotoniccentralbudapest.hu\/wp-content\/uploads\/2021\/11\/mutet-utani-gyogytorna.jpg 720w, https:\/\/gyrotoniccentralbudapest.hu\/wp-content\/uploads\/2021\/11\/mutet-utani-gyogytorna-225x300.jpg 225w\" sizes=\"(max-width: 720px) 100vw, 720px\" \/>\t\t\t\t\t\t\t\t\t\t\t\t\t\t\t<\/div>\n\t\t\t\t<\/div>\n\t\t\t\t\t<\/div>\n\t\t<\/div>\n\t\t\t\t\t<\/div>\n\t\t<\/section>\n\t\t\t\t\t<\/div>\n\t\t<\/div>\n\t\t\t\t\t<\/div>\n\t\t<\/section>\n\t\t\t\t<\/div>\n\t\t","protected":false},"excerpt":{"rendered":"<p>Gyrotonic gy\u00f3gytorna \u00e9s a m\u0171t\u00e9t ut\u00e1ni rehabilit\u00e1ci\u00f3 A GYROTONIC\u00ae\u00a0 m\u00f3dszert \u00e9pp egy olyan elit t\u00e1ncos, Juliu Horvath fejlesztette ki, aki maga is s\u00falyos h\u00e1ts\u00e9r\u00fcl\u00e9s\u00e9b\u0151l az \u00e1ltala k\u00e9zzel meg\u00e9p\u00edtett g\u00e9p seg\u00edts\u00e9g\u00e9vel \u00e9p\u00fclt fel teljesen, hiszen a g\u00e9p \u00e9s a mozg\u00e1srendszer k\u00e9pes volt a s\u00e9r\u00fclt izmok, \u00ednak \u00e9s szalagok finom meger\u0151s\u00edt\u00e9s\u00e9re \u00e9s ny\u00fajt\u00e1s\u00e1ra. A GYROTONIC\u00ae\u00a0 gy\u00f3gytorna a [&hellip;]<\/p>\n","protected":false},"author":5,"featured_media":0,"parent":0,"menu_order":0,"comment_status":"closed","ping_status":"closed","template":"","meta":{"site-sidebar-layout":"no-sidebar","site-content-layout":"page-builder","ast-site-content-layout":"default","site-content-style":"default","site-sidebar-style":"default","ast-global-header-display":"","ast-banner-title-visibility":"","ast-main-header-display":"","ast-hfb-above-header-display":"","ast-hfb-below-header-display":"","ast-hfb-mobile-header-display":"","site-post-title":"disabled","ast-breadcrumbs-content":"","ast-featured-img":"disabled","footer-sml-layout":"","ast-disable-related-posts":"","theme-transparent-header-meta":"default","adv-header-id-meta":"","stick-header-meta":"","header-above-stick-meta":"","header-main-stick-meta":"","header-below-stick-meta":"","astra-migrate-meta-layouts":"default","ast-page-background-enabled":"default","ast-page-background-meta":{"desktop":{"background-color":"var(--ast-global-color-4)","background-image":"","background-repeat":"repeat","background-position":"center center","background-size":"auto","background-attachment":"scroll","background-type":"","background-media":"","overlay-type":"","overlay-color":"","overlay-opacity":"","overlay-gradient":""},"tablet":{"background-color":"","background-image":"","background-repeat":"repeat","background-position":"center center","background-size":"auto","background-attachment":"scroll","background-type":"","background-media":"","overlay-type":"","overlay-color":"","overlay-opacity":"","overlay-gradient":""},"mobile":{"background-color":"","background-image":"","background-repeat":"repeat","background-position":"center center","background-size":"auto","background-attachment":"scroll","background-type":"","background-media":"","overlay-type":"","overlay-color":"","overlay-opacity":"","overlay-gradient":""}},"ast-content-background-meta":{"desktop":{"background-color":"var(--ast-global-color-5)","background-image":"","background-repeat":"repeat","background-position":"center center","background-size":"auto","background-attachment":"scroll","background-type":"","background-media":"","overlay-type":"","overlay-color":"","overlay-opacity":"","overlay-gradient":""},"tablet":{"background-color":"var(--ast-global-color-5)","background-image":"","background-repeat":"repeat","background-position":"center center","background-size":"auto","background-attachment":"scroll","background-type":"","background-media":"","overlay-type":"","overlay-color":"","overlay-opacity":"","overlay-gradient":""},"mobile":{"background-color":"var(--ast-global-color-5)","background-image":"","background-repeat":"repeat","background-position":"center center","background-size":"auto","background-attachment":"scroll","background-type":"","background-media":"","overlay-type":"","overlay-color":"","overlay-opacity":"","overlay-gradient":""}},"footnotes":""},"class_list":["post-5827","page","type-page","status-publish","hentry"],"_links":{"self":[{"href":"https:\/\/gyrotoniccentralbudapest.hu\/index.php?rest_route=\/wp\/v2\/pages\/5827","targetHints":{"allow":["GET"]}}],"collection":[{"href":"https:\/\/gyrotoniccentralbudapest.hu\/index.php?rest_route=\/wp\/v2\/pages"}],"about":[{"href":"https:\/\/gyrotoniccentralbudapest.hu\/index.php?rest_route=\/wp\/v2\/types\/page"}],"author":[{"embeddable":true,"href":"https:\/\/gyrotoniccentralbudapest.hu\/index.php?rest_route=\/wp\/v2\/users\/5"}],"replies":[{"embeddable":true,"href":"https:\/\/gyrotoniccentralbudapest.hu\/index.php?rest_route=%2Fwp%2Fv2%2Fcomments&post=5827"}],"version-history":[{"count":0,"href":"https:\/\/gyrotoniccentralbudapest.hu\/index.php?rest_route=\/wp\/v2\/pages\/5827\/revisions"}],"wp:attachment":[{"href":"https:\/\/gyrotoniccentralbudapest.hu\/index.php?rest_route=%2Fwp%2Fv2%2Fmedia&parent=5827"}],"curies":[{"name":"wp","href":"https:\/\/api.w.org\/{rel}","templated":true}]}}