{"id":5486,"date":"2021-10-28T12:29:11","date_gmt":"2021-10-28T11:29:11","guid":{"rendered":"https:\/\/gyrotoniccentralbudapest.hu\/?page_id=5486"},"modified":"2023-05-13T07:11:23","modified_gmt":"2023-05-13T06:11:23","slug":"rugalmassag-hajlekonysag-novelese","status":"publish","type":"page","link":"https:\/\/gyrotoniccentralbudapest.hu\/?page_id=5486","title":{"rendered":"Rugalmass\u00e1g, hajl\u00e9konys\u00e1g n\u00f6vel\u00e9se"},"content":{"rendered":"\t\t<div data-elementor-type=\"wp-page\" data-elementor-id=\"5486\" class=\"elementor elementor-5486\">\n\t\t\t\t\t\t<section class=\"elementor-section elementor-top-section elementor-element elementor-element-21d368c4 elementor-section-full_width elementor-section-height-min-height elementor-section-items-stretch elementor-section-content-middle elementor-section-height-default\" data-id=\"21d368c4\" data-element_type=\"section\" data-e-type=\"section\">\n\t\t\t\t\t\t<div class=\"elementor-container elementor-column-gap-no\">\n\t\t\t\t\t<div class=\"elementor-column elementor-col-100 elementor-top-column elementor-element elementor-element-3457c27e\" data-id=\"3457c27e\" data-element_type=\"column\" data-e-type=\"column\">\n\t\t\t<div class=\"elementor-widget-wrap elementor-element-populated\">\n\t\t\t\t\t\t<section class=\"elementor-section elementor-inner-section elementor-element elementor-element-3fd66d2b elementor-section-boxed elementor-section-height-default elementor-section-height-default\" data-id=\"3fd66d2b\" data-element_type=\"section\" data-e-type=\"section\">\n\t\t\t\t\t\t<div class=\"elementor-container elementor-column-gap-default\">\n\t\t\t\t\t<div class=\"elementor-column elementor-col-50 elementor-inner-column elementor-element elementor-element-155b8b22\" data-id=\"155b8b22\" data-element_type=\"column\" data-e-type=\"column\">\n\t\t\t<div class=\"elementor-widget-wrap elementor-element-populated\">\n\t\t\t\t\t\t<div class=\"elementor-element elementor-element-7b61e04a elementor-widget elementor-widget-image\" data-id=\"7b61e04a\" data-element_type=\"widget\" data-e-type=\"widget\" data-widget_type=\"image.default\">\n\t\t\t\t<div class=\"elementor-widget-container\">\n\t\t\t\t\t\t\t\t\t\t\t\t\t\t\t<img fetchpriority=\"high\" decoding=\"async\" width=\"1024\" height=\"1024\" src=\"https:\/\/gyrotoniccentralbudapest.hu\/wp-content\/uploads\/2021\/11\/rugalmassag-1024x1024.jpg\" class=\"attachment-large size-large wp-image-6921\" alt=\"rugalmass\u00e1g n\u00f6vel\u00e9s\u00e9re gy\u00f3gytorn\u00e1t v\u00e9gz\u0151 n\u0151 fekete ruh\u00e1ban\" srcset=\"https:\/\/gyrotoniccentralbudapest.hu\/wp-content\/uploads\/2021\/11\/rugalmassag-1024x1024.jpg 1024w, https:\/\/gyrotoniccentralbudapest.hu\/wp-content\/uploads\/2021\/11\/rugalmassag-300x300.jpg 300w, https:\/\/gyrotoniccentralbudapest.hu\/wp-content\/uploads\/2021\/11\/rugalmassag-150x150.jpg 150w, https:\/\/gyrotoniccentralbudapest.hu\/wp-content\/uploads\/2021\/11\/rugalmassag-768x768.jpg 768w, https:\/\/gyrotoniccentralbudapest.hu\/wp-content\/uploads\/2021\/11\/rugalmassag-1536x1536.jpg 1536w, https:\/\/gyrotoniccentralbudapest.hu\/wp-content\/uploads\/2021\/11\/rugalmassag-2048x2048.jpg 2048w, https:\/\/gyrotoniccentralbudapest.hu\/wp-content\/uploads\/2021\/11\/rugalmassag-scaled.jpg 1920w\" sizes=\"(max-width: 1024px) 100vw, 1024px\" \/>\t\t\t\t\t\t\t\t\t\t\t\t\t\t\t<\/div>\n\t\t\t\t<\/div>\n\t\t\t\t\t<\/div>\n\t\t<\/div>\n\t\t\t\t<div class=\"elementor-column elementor-col-50 elementor-inner-column elementor-element elementor-element-5205f749\" data-id=\"5205f749\" data-element_type=\"column\" data-e-type=\"column\">\n\t\t\t<div class=\"elementor-widget-wrap elementor-element-populated\">\n\t\t\t\t\t\t<div class=\"elementor-element elementor-element-66626701 elementor-invisible elementor-widget elementor-widget-heading\" data-id=\"66626701\" data-element_type=\"widget\" data-e-type=\"widget\" data-settings=\"{&quot;_animation&quot;:&quot;fadeIn&quot;,&quot;_animation_mobile&quot;:&quot;none&quot;}\" data-widget_type=\"heading.default\">\n\t\t\t\t<div class=\"elementor-widget-container\">\n\t\t\t\t\t<h1 class=\"elementor-heading-title elementor-size-default\">Mi a rugalmass\u00e1g, hajl\u00e9konys\u00e1g?<\/h1>\t\t\t\t<\/div>\n\t\t\t\t<\/div>\n\t\t\t\t<div class=\"elementor-element elementor-element-78d53e74 elementor-invisible elementor-widget elementor-widget-text-editor\" data-id=\"78d53e74\" data-element_type=\"widget\" data-e-type=\"widget\" data-settings=\"{&quot;_animation&quot;:&quot;fadeIn&quot;,&quot;_animation_mobile&quot;:&quot;none&quot;,&quot;_animation_delay&quot;:&quot;200&quot;}\" data-widget_type=\"text-editor.default\">\n\t\t\t\t<div class=\"elementor-widget-container\">\n\t\t\t\t\t\t\t\t\t<p>A rugalmass\u00e1g egy \u00edz\u00fcletnek azon k\u00e9pess\u00e9ge, hogy korl\u00e1tlan \u00e9s f\u00e1jdalommentes mozg\u00e1startom\u00e1nyban mozogjon. Izmaink \u00e9s \u00edz\u00fcleteink ny\u00fajt\u00e1sa nagyobb mozg\u00e1startom\u00e1nyt, jobb egyens\u00falyt \u00e9s fokozott rugalmass\u00e1got is eredm\u00e9nyeznek, emellett pedig elker\u00fclhetj\u00fck a s\u00e9r\u00fcl\u00e9seket.<\/p>\t\t\t\t\t\t\t\t<\/div>\n\t\t\t\t<\/div>\n\t\t\t\t\t<\/div>\n\t\t<\/div>\n\t\t\t\t\t<\/div>\n\t\t<\/section>\n\t\t\t\t\t<\/div>\n\t\t<\/div>\n\t\t\t\t\t<\/div>\n\t\t<\/section>\n\t\t\t\t<section class=\"elementor-section elementor-top-section elementor-element elementor-element-18f56958 elementor-section-boxed elementor-section-height-default elementor-section-height-default\" data-id=\"18f56958\" data-element_type=\"section\" data-e-type=\"section\" data-settings=\"{&quot;background_background&quot;:&quot;classic&quot;}\">\n\t\t\t\t\t\t<div class=\"elementor-container elementor-column-gap-default\">\n\t\t\t\t\t<div class=\"elementor-column elementor-col-100 elementor-top-column elementor-element elementor-element-555d586b\" data-id=\"555d586b\" data-element_type=\"column\" data-e-type=\"column\">\n\t\t\t<div class=\"elementor-widget-wrap elementor-element-populated\">\n\t\t\t\t\t\t<section class=\"elementor-section elementor-inner-section elementor-element elementor-element-32d034f2 elementor-section-full_width elementor-section-height-default elementor-section-height-default\" data-id=\"32d034f2\" data-element_type=\"section\" data-e-type=\"section\">\n\t\t\t\t\t\t<div class=\"elementor-container elementor-column-gap-no\">\n\t\t\t\t\t<div class=\"elementor-column elementor-col-100 elementor-inner-column elementor-element elementor-element-1cae722e\" data-id=\"1cae722e\" data-element_type=\"column\" data-e-type=\"column\" data-settings=\"{&quot;background_background&quot;:&quot;classic&quot;}\">\n\t\t\t<div class=\"elementor-widget-wrap elementor-element-populated\">\n\t\t\t\t\t\t<div class=\"elementor-element elementor-element-646661c0 elementor-widget elementor-widget-heading\" data-id=\"646661c0\" data-element_type=\"widget\" data-e-type=\"widget\" data-widget_type=\"heading.default\">\n\t\t\t\t<div class=\"elementor-widget-container\">\n\t\t\t\t\t<h2 class=\"elementor-heading-title elementor-size-default\">Hajl\u00e9konys\u00e1g, rugalmass\u00e1g el\u0151nyei, fontoss\u00e1ga:<\/h2>\t\t\t\t<\/div>\n\t\t\t\t<\/div>\n\t\t\t\t<div class=\"elementor-element elementor-element-42bd0d1a elementor-align-start elementor-icon-list--layout-traditional elementor-list-item-link-full_width elementor-widget elementor-widget-icon-list\" data-id=\"42bd0d1a\" data-element_type=\"widget\" data-e-type=\"widget\" data-widget_type=\"icon-list.default\">\n\t\t\t\t<div class=\"elementor-widget-container\">\n\t\t\t\t\t\t\t<ul class=\"elementor-icon-list-items\">\n\t\t\t\t\t\t\t<li class=\"elementor-icon-list-item\">\n\t\t\t\t\t\t\t\t\t\t\t<span class=\"elementor-icon-list-icon\">\n\t\t\t\t\t\t\t<i aria-hidden=\"true\" class=\"fas fa-circle-notch\"><\/i>\t\t\t\t\t\t<\/span>\n\t\t\t\t\t\t\t\t\t\t<span class=\"elementor-icon-list-text\">Cs\u00f6kkenti a s\u00e9r\u00fcl\u00e9s vesz\u00e9ly\u00e9t<\/span>\n\t\t\t\t\t\t\t\t\t<\/li>\n\t\t\t\t\t\t\t\t<li class=\"elementor-icon-list-item\">\n\t\t\t\t\t\t\t\t\t\t\t<span class=\"elementor-icon-list-icon\">\n\t\t\t\t\t\t\t<i aria-hidden=\"true\" class=\"fas fa-circle-notch\"><\/i>\t\t\t\t\t\t<\/span>\n\t\t\t\t\t\t\t\t\t\t<span class=\"elementor-icon-list-text\">Ny\u00fajtja az izmokat \u00e9s \u00edz\u00fcleteket<\/span>\n\t\t\t\t\t\t\t\t\t<\/li>\n\t\t\t\t\t\t\t\t<li class=\"elementor-icon-list-item\">\n\t\t\t\t\t\t\t\t\t\t\t<span class=\"elementor-icon-list-icon\">\n\t\t\t\t\t\t\t<i aria-hidden=\"true\" class=\"fas fa-circle-notch\"><\/i>\t\t\t\t\t\t<\/span>\n\t\t\t\t\t\t\t\t\t\t<span class=\"elementor-icon-list-text\">N\u00f6veli test\u00fcnk mozg\u00e1startom\u00e1ny\u00e1t<\/span>\n\t\t\t\t\t\t\t\t\t<\/li>\n\t\t\t\t\t\t\t\t<li class=\"elementor-icon-list-item\">\n\t\t\t\t\t\t\t\t\t\t\t<span class=\"elementor-icon-list-icon\">\n\t\t\t\t\t\t\t<i aria-hidden=\"true\" class=\"fas fa-circle-notch\"><\/i>\t\t\t\t\t\t<\/span>\n\t\t\t\t\t\t\t\t\t\t<span class=\"elementor-icon-list-text\">Jav\u00edtja a testtart\u00e1st<\/span>\n\t\t\t\t\t\t\t\t\t<\/li>\n\t\t\t\t\t\t\t\t<li class=\"elementor-icon-list-item\">\n\t\t\t\t\t\t\t\t\t\t\t<span class=\"elementor-icon-list-icon\">\n\t\t\t\t\t\t\t<i aria-hidden=\"true\" class=\"fas fa-circle-notch\"><\/i>\t\t\t\t\t\t<\/span>\n\t\t\t\t\t\t\t\t\t\t<span class=\"elementor-icon-list-text\">Fejleszti az \u00e1ll\u00f3k\u00e9pess\u00e9get<\/span>\n\t\t\t\t\t\t\t\t\t<\/li>\n\t\t\t\t\t\t\t\t<li class=\"elementor-icon-list-item\">\n\t\t\t\t\t\t\t\t\t\t\t<span class=\"elementor-icon-list-icon\">\n\t\t\t\t\t\t\t<i aria-hidden=\"true\" class=\"fas fa-circle-notch\"><\/i>\t\t\t\t\t\t<\/span>\n\t\t\t\t\t\t\t\t\t\t<span class=\"elementor-icon-list-text\">Laz\u00e1bb \u00e9s kev\u00e9sbe fesz\u00fclt izmok<\/span>\n\t\t\t\t\t\t\t\t\t<\/li>\n\t\t\t\t\t\t\t\t<li class=\"elementor-icon-list-item\">\n\t\t\t\t\t\t\t\t\t\t\t<span class=\"elementor-icon-list-icon\">\n\t\t\t\t\t\t\t<i aria-hidden=\"true\" class=\"fas fa-circle-notch\"><\/i>\t\t\t\t\t\t<\/span>\n\t\t\t\t\t\t\t\t\t\t<span class=\"elementor-icon-list-text\">Izmok rugalmass\u00e1g\u00e1nak n\u00f6vel\u00e9se<\/span>\n\t\t\t\t\t\t\t\t\t<\/li>\n\t\t\t\t\t\t\t\t<li class=\"elementor-icon-list-item\">\n\t\t\t\t\t\t\t\t\t\t\t<span class=\"elementor-icon-list-icon\">\n\t\t\t\t\t\t\t<i aria-hidden=\"true\" class=\"fas fa-circle-notch\"><\/i>\t\t\t\t\t\t<\/span>\n\t\t\t\t\t\t\t\t\t\t<span class=\"elementor-icon-list-text\">Jav\u00edtja lelki\u00e1llapotunk<\/span>\n\t\t\t\t\t\t\t\t\t<\/li>\n\t\t\t\t\t\t\t\t<li class=\"elementor-icon-list-item\">\n\t\t\t\t\t\t\t\t\t\t\t<span class=\"elementor-icon-list-icon\">\n\t\t\t\t\t\t\t<i aria-hidden=\"true\" class=\"fas fa-circle-notch\"><\/i>\t\t\t\t\t\t<\/span>\n\t\t\t\t\t\t\t\t\t\t<span class=\"elementor-icon-list-text\">N\u00f6veli fizikai teljes\u00edtm\u00e9ny\u00fcnk<\/span>\n\t\t\t\t\t\t\t\t\t<\/li>\n\t\t\t\t\t\t\t\t<li class=\"elementor-icon-list-item\">\n\t\t\t\t\t\t\t\t\t\t\t<span class=\"elementor-icon-list-icon\">\n\t\t\t\t\t\t\t<i aria-hidden=\"true\" class=\"fas fa-circle-notch\"><\/i>\t\t\t\t\t\t<\/span>\n\t\t\t\t\t\t\t\t\t\t<span class=\"elementor-icon-list-text\">Fokozza a v\u00e9rell\u00e1t\u00e1st<\/span>\n\t\t\t\t\t\t\t\t\t<\/li>\n\t\t\t\t\t\t\t\t<li class=\"elementor-icon-list-item\">\n\t\t\t\t\t\t\t\t\t\t\t<span class=\"elementor-icon-list-icon\">\n\t\t\t\t\t\t\t<i aria-hidden=\"true\" class=\"fas fa-circle-notch\"><\/i>\t\t\t\t\t\t<\/span>\n\t\t\t\t\t\t\t\t\t\t<span class=\"elementor-icon-list-text\">Cs\u00f6kkenti az \u00edz\u00fcleti f\u00e1jdalmat<\/span>\n\t\t\t\t\t\t\t\t\t<\/li>\n\t\t\t\t\t\t<\/ul>\n\t\t\t\t\t\t<\/div>\n\t\t\t\t<\/div>\n\t\t\t\t\t<\/div>\n\t\t<\/div>\n\t\t\t\t\t<\/div>\n\t\t<\/section>\n\t\t\t\t\t<\/div>\n\t\t<\/div>\n\t\t\t\t\t<\/div>\n\t\t<\/section>\n\t\t\t\t<section class=\"elementor-section elementor-top-section elementor-element elementor-element-32611bd7 elementor-section-full_width elementor-section-height-min-height elementor-section-items-stretch elementor-section-content-middle elementor-reverse-tablet elementor-reverse-mobile elementor-section-height-default\" data-id=\"32611bd7\" data-element_type=\"section\" data-e-type=\"section\">\n\t\t\t\t\t\t<div class=\"elementor-container elementor-column-gap-no\">\n\t\t\t\t\t<div class=\"elementor-column elementor-col-50 elementor-top-column elementor-element elementor-element-2842aa42\" data-id=\"2842aa42\" data-element_type=\"column\" data-e-type=\"column\">\n\t\t\t<div class=\"elementor-widget-wrap elementor-element-populated\">\n\t\t\t\t\t\t<div class=\"elementor-element elementor-element-7874c58e elementor-invisible elementor-widget elementor-widget-heading\" data-id=\"7874c58e\" data-element_type=\"widget\" data-e-type=\"widget\" data-settings=\"{&quot;_animation&quot;:&quot;fadeIn&quot;,&quot;_animation_mobile&quot;:&quot;none&quot;}\" data-widget_type=\"heading.default\">\n\t\t\t\t<div class=\"elementor-widget-container\">\n\t\t\t\t\t<h3 class=\"elementor-heading-title elementor-size-default\">Rugalmass\u00e1g, hajl\u00e9konys\u00e1g \u00e9s koordin\u00e1ci\u00f3 fejleszt\u00e9se <\/h3>\t\t\t\t<\/div>\n\t\t\t\t<\/div>\n\t\t\t\t<div class=\"elementor-element elementor-element-6a36d71d elementor-invisible elementor-widget elementor-widget-text-editor\" data-id=\"6a36d71d\" data-element_type=\"widget\" data-e-type=\"widget\" data-settings=\"{&quot;_animation&quot;:&quot;fadeIn&quot;,&quot;_animation_mobile&quot;:&quot;none&quot;,&quot;_animation_delay&quot;:&quot;200&quot;}\" data-widget_type=\"text-editor.default\">\n\t\t\t\t<div class=\"elementor-widget-container\">\n\t\t\t\t\t\t\t\t\t<p>A Gyrotonic<span style=\"letter-spacing: 0.6px; color: var( --e-global-color-text ); background-color: var( --e-global-color-6411fd9 );\">&nbsp;\u00e9s<\/span><span style=\"font-style: inherit; font-weight: inherit; color: var( --e-global-color-text ); letter-spacing: 0.6px; background-color: var( --e-global-color-6411fd9 );\"> Gyrokinesis mozg\u00e1sform\u00e1k rendszeres v\u00e9gz\u00e9s\u00e9vel rendk\u00edv\u00fcl eszt\u00e9tikus, v\u00e9kony \u00e9s harmonikus alak \u00e9rhet\u0151 el, hiszen \u00f6tv\u00f6zi a j\u00f3ga, a t\u00e1nc, az \u00fasz\u00e1s \u00e9s a Tai Chi el\u0151nyeit. Izmaink rugalmasak \u00e9s sz\u00e9pen kiform\u00e1ltak, eg\u00e9sz test\u00fcnk pedig rendk\u00edv\u00fcl hajl\u00e9kony lesz, ugyanakkor k\u00fcl\u00f6n f\u00f3kusz\u00e1lhatunk az \u00e1ltalad probl\u00e9m\u00e1snak \u00e9rzett ter\u00fcletekre.<\/span><\/p>\n<p>A h\u00e1romdimenzi\u00f3s mozg\u00e1sform\u00e1ban minden izmot megdolgozunk, \u00e9s rendk\u00edv\u00fcl hat\u00e9kony alakform\u00e1l\u00f3 hat\u00e1sa mellett v\u00e9gleg megsz\u0171nnek az esetlegesen m\u00e1s mozg\u00e1s\/torna \u00e9s az \u00fcl\u0151munka \u00e1ltal kiv\u00e1ltott izomf\u00e1jdalmak, n\u00f6velj\u00fck hajl\u00e9konys\u00e1god, rugalmass\u00e1god. A hajl\u00e9konys\u00e1g \u00e9s az er\u0151kifejt\u00e9s r\u00e9v\u00e9n nagyobb vitalit\u00e1shoz, dinamik\u00e1hoz \u00e9s a szervezet regenerat\u00edv fiatalod\u00e1s\u00e1hoz vezet. A hajl\u00e9konys\u00e1got n\u00f6vel\u0151 gyakorlatok sor\u00e1n a g\u00e9pek megadj\u00e1k a lehet\u0151s\u00e9get, hogy egyszerre tudjuk fejleszteni a rugalmass\u00e1got, hajl\u00e9konys\u00e1got \u00e9s a koordin\u00e1ci\u00f3t, \u00e9s ha ez mind megvan, r\u00e1tessz\u00fck az er\u0151t is.<\/p>\t\t\t\t\t\t\t\t<\/div>\n\t\t\t\t<\/div>\n\t\t\t\t\t<\/div>\n\t\t<\/div>\n\t\t\t\t<div class=\"elementor-column elementor-col-50 elementor-top-column elementor-element elementor-element-3e458f28\" data-id=\"3e458f28\" data-element_type=\"column\" data-e-type=\"column\">\n\t\t\t<div class=\"elementor-widget-wrap elementor-element-populated\">\n\t\t\t\t\t\t<div class=\"elementor-element elementor-element-372e6dcd elementor-widget elementor-widget-image\" data-id=\"372e6dcd\" data-element_type=\"widget\" data-e-type=\"widget\" data-widget_type=\"image.default\">\n\t\t\t\t<div class=\"elementor-widget-container\">\n\t\t\t\t\t\t\t\t\t\t\t\t\t\t\t<img decoding=\"async\" width=\"960\" height=\"720\" src=\"https:\/\/gyrotoniccentralbudapest.hu\/wp-content\/uploads\/2021\/11\/allokepesseg-fejlesztese.jpeg\" class=\"attachment-large size-large wp-image-6925\" alt=\"\u00e1ll\u00f3k\u00e9pess\u00e9g \u00e9s hajl\u00e9konys\u00e1g fejleszt\u00e9s\u00e9re gerinctorn\u00e1t v\u00e9gz\u0151 3 n\u0151 \u00fcl a sz\u00e9ken\" srcset=\"https:\/\/gyrotoniccentralbudapest.hu\/wp-content\/uploads\/2021\/11\/allokepesseg-fejlesztese.jpeg 960w, https:\/\/gyrotoniccentralbudapest.hu\/wp-content\/uploads\/2021\/11\/allokepesseg-fejlesztese-300x225.jpeg 300w, https:\/\/gyrotoniccentralbudapest.hu\/wp-content\/uploads\/2021\/11\/allokepesseg-fejlesztese-768x576.jpeg 768w\" sizes=\"(max-width: 960px) 100vw, 960px\" \/>\t\t\t\t\t\t\t\t\t\t\t\t\t\t\t<\/div>\n\t\t\t\t<\/div>\n\t\t\t\t\t<\/div>\n\t\t<\/div>\n\t\t\t\t\t<\/div>\n\t\t<\/section>\n\t\t\t\t<\/div>\n\t\t","protected":false},"excerpt":{"rendered":"<p>Mi a rugalmass\u00e1g, hajl\u00e9konys\u00e1g? A rugalmass\u00e1g egy \u00edz\u00fcletnek azon k\u00e9pess\u00e9ge, hogy korl\u00e1tlan \u00e9s f\u00e1jdalommentes mozg\u00e1startom\u00e1nyban mozogjon. Izmaink \u00e9s \u00edz\u00fcleteink ny\u00fajt\u00e1sa nagyobb mozg\u00e1startom\u00e1nyt, jobb egyens\u00falyt \u00e9s fokozott rugalmass\u00e1got is eredm\u00e9nyeznek, emellett pedig elker\u00fclhetj\u00fck a s\u00e9r\u00fcl\u00e9seket. Hajl\u00e9konys\u00e1g, rugalmass\u00e1g el\u0151nyei, fontoss\u00e1ga: Cs\u00f6kkenti a s\u00e9r\u00fcl\u00e9s vesz\u00e9ly\u00e9t Ny\u00fajtja az izmokat \u00e9s \u00edz\u00fcleteket N\u00f6veli test\u00fcnk mozg\u00e1startom\u00e1ny\u00e1t Jav\u00edtja a testtart\u00e1st Fejleszti az [&hellip;]<\/p>\n","protected":false},"author":5,"featured_media":0,"parent":0,"menu_order":0,"comment_status":"closed","ping_status":"closed","template":"","meta":{"site-sidebar-layout":"no-sidebar","site-content-layout":"page-builder","ast-site-content-layout":"default","site-content-style":"default","site-sidebar-style":"default","ast-global-header-display":"","ast-banner-title-visibility":"","ast-main-header-display":"","ast-hfb-above-header-display":"","ast-hfb-below-header-display":"","ast-hfb-mobile-header-display":"","site-post-title":"disabled","ast-breadcrumbs-content":"","ast-featured-img":"disabled","footer-sml-layout":"","ast-disable-related-posts":"","theme-transparent-header-meta":"default","adv-header-id-meta":"","stick-header-meta":"","header-above-stick-meta":"","header-main-stick-meta":"","header-below-stick-meta":"","astra-migrate-meta-layouts":"default","ast-page-background-enabled":"default","ast-page-background-meta":{"desktop":{"background-color":"var(--ast-global-color-4)","background-image":"","background-repeat":"repeat","background-position":"center center","background-size":"auto","background-attachment":"scroll","background-type":"","background-media":"","overlay-type":"","overlay-color":"","overlay-opacity":"","overlay-gradient":""},"tablet":{"background-color":"","background-image":"","background-repeat":"repeat","background-position":"center center","background-size":"auto","background-attachment":"scroll","background-type":"","background-media":"","overlay-type":"","overlay-color":"","overlay-opacity":"","overlay-gradient":""},"mobile":{"background-color":"","background-image":"","background-repeat":"repeat","background-position":"center center","background-size":"auto","background-attachment":"scroll","background-type":"","background-media":"","overlay-type":"","overlay-color":"","overlay-opacity":"","overlay-gradient":""}},"ast-content-background-meta":{"desktop":{"background-color":"var(--ast-global-color-5)","background-image":"","background-repeat":"repeat","background-position":"center center","background-size":"auto","background-attachment":"scroll","background-type":"","background-media":"","overlay-type":"","overlay-color":"","overlay-opacity":"","overlay-gradient":""},"tablet":{"background-color":"var(--ast-global-color-5)","background-image":"","background-repeat":"repeat","background-position":"center center","background-size":"auto","background-attachment":"scroll","background-type":"","background-media":"","overlay-type":"","overlay-color":"","overlay-opacity":"","overlay-gradient":""},"mobile":{"background-color":"var(--ast-global-color-5)","background-image":"","background-repeat":"repeat","background-position":"center center","background-size":"auto","background-attachment":"scroll","background-type":"","background-media":"","overlay-type":"","overlay-color":"","overlay-opacity":"","overlay-gradient":""}},"footnotes":""},"class_list":["post-5486","page","type-page","status-publish","hentry"],"_links":{"self":[{"href":"https:\/\/gyrotoniccentralbudapest.hu\/index.php?rest_route=\/wp\/v2\/pages\/5486","targetHints":{"allow":["GET"]}}],"collection":[{"href":"https:\/\/gyrotoniccentralbudapest.hu\/index.php?rest_route=\/wp\/v2\/pages"}],"about":[{"href":"https:\/\/gyrotoniccentralbudapest.hu\/index.php?rest_route=\/wp\/v2\/types\/page"}],"author":[{"embeddable":true,"href":"https:\/\/gyrotoniccentralbudapest.hu\/index.php?rest_route=\/wp\/v2\/users\/5"}],"replies":[{"embeddable":true,"href":"https:\/\/gyrotoniccentralbudapest.hu\/index.php?rest_route=%2Fwp%2Fv2%2Fcomments&post=5486"}],"version-history":[{"count":0,"href":"https:\/\/gyrotoniccentralbudapest.hu\/index.php?rest_route=\/wp\/v2\/pages\/5486\/revisions"}],"wp:attachment":[{"href":"https:\/\/gyrotoniccentralbudapest.hu\/index.php?rest_route=%2Fwp%2Fv2%2Fmedia&parent=5486"}],"curies":[{"name":"wp","href":"https:\/\/api.w.org\/{rel}","templated":true}]}}