{"id":5309,"date":"2021-10-27T13:52:33","date_gmt":"2021-10-27T12:52:33","guid":{"rendered":"https:\/\/gyrotoniccentralbudapest.hu\/?page_id=5309"},"modified":"2025-09-15T20:46:49","modified_gmt":"2025-09-15T18:46:49","slug":"gerinctorna-arak","status":"publish","type":"page","link":"https:\/\/gyrotoniccentralbudapest.hu\/?page_id=5309","title":{"rendered":"\u00c1rak"},"content":{"rendered":"\t\t<div data-elementor-type=\"wp-page\" data-elementor-id=\"5309\" class=\"elementor elementor-5309\">\n\t\t\t\t\t\t<section class=\"elementor-section elementor-top-section elementor-element elementor-element-8fecda0 elementor-section-boxed elementor-section-height-default elementor-section-height-default\" data-id=\"8fecda0\" data-element_type=\"section\" data-e-type=\"section\">\n\t\t\t\t\t\t<div class=\"elementor-container elementor-column-gap-default\">\n\t\t\t\t\t<div class=\"elementor-column elementor-col-100 elementor-top-column elementor-element elementor-element-8b94725\" data-id=\"8b94725\" data-element_type=\"column\" data-e-type=\"column\">\n\t\t\t<div class=\"elementor-widget-wrap elementor-element-populated\">\n\t\t\t\t\t\t<div class=\"elementor-element elementor-element-7837d1e elementor-widget elementor-widget-heading\" data-id=\"7837d1e\" data-element_type=\"widget\" data-e-type=\"widget\" data-widget_type=\"heading.default\">\n\t\t\t\t<div class=\"elementor-widget-container\">\n\t\t\t\t\t<h2 class=\"elementor-heading-title elementor-size-default\">Szolg\u00e1ltat\u00e1sok, \u00e1rak<\/h2>\t\t\t\t<\/div>\n\t\t\t\t<\/div>\n\t\t\t\t<div class=\"elementor-element elementor-element-67e7d60 elementor-widget-divider--view-line elementor-widget elementor-widget-divider\" data-id=\"67e7d60\" data-element_type=\"widget\" data-e-type=\"widget\" data-widget_type=\"divider.default\">\n\t\t\t\t<div class=\"elementor-widget-container\">\n\t\t\t\t\t\t\t<div class=\"elementor-divider\">\n\t\t\t<span class=\"elementor-divider-separator\">\n\t\t\t\t\t\t<\/span>\n\t\t<\/div>\n\t\t\t\t\t\t<\/div>\n\t\t\t\t<\/div>\n\t\t\t\t<div class=\"elementor-element elementor-element-9a6fb2d elementor-widget elementor-widget-text-editor\" data-id=\"9a6fb2d\" data-element_type=\"widget\" data-e-type=\"widget\" data-widget_type=\"text-editor.default\">\n\t\t\t\t<div class=\"elementor-widget-container\">\n\t\t\t\t\t\t\t\t\t<pre style=\"text-align: center;\">\u00a0<\/pre><p style=\"text-align: center;\"><b>Senior Gyrotonic tr\u00e9nerek \u00e1rai:<span style=\"--anchorname: --_r_ge_;\"><span dir=\"auto\" style=\"----base-line-clamp-line-height: 20px; --lineheight: 20px;\"><br \/><\/span><\/span><\/b><\/p><p style=\"text-align: center;\"><span style=\"--anchorname: --_r_ge_;\"><span dir=\"auto\" style=\"----base-line-clamp-line-height: 20px; --lineheight: 20px;\">Konzult\u00e1ci\u00f3 \u00e9s pr\u00f3ba\u00f3ra 25 eFt (1,5 \u00f3ra)\u00a0<br \/>Gyrotonic 1 alkalom 25 eFt<br \/><\/span><\/span><span style=\"--anchorname: --_r_ge_;\"><span dir=\"auto\" style=\"----base-line-clamp-line-height: 20px; --lineheight: 20px;\">10 alkalmas Gyrotonc b\u00e9rlet senior tr\u00e9nerrel 220 eFt<br \/>10 alkalmas p\u00e1ros Gyrotonic b\u00e9rlet senior tr\u00e9nerrel 145 eFt\/f\u0151<\/span><\/span><\/p><p style=\"text-align: center;\">\u00a0<\/p><p style=\"text-align: center;\"><span style=\"--anchorname: --_r_ge_;\"><span dir=\"auto\" style=\"----base-line-clamp-line-height: 20px; --lineheight: 20px;\"><b>Gyrotonic tr\u00e9nerek \u00e1rai:<\/b><\/span><\/span><\/p><p style=\"text-align: center;\">Konzult\u00e1ci\u00f3 \u00e9s pr\u00f3ba\u00f3ra\u00a0 15 eFt (1.5 \u00f3ra)<br \/><span style=\"--anchorname: --_r_ge_;\"><span dir=\"auto\" style=\"----base-line-clamp-line-height: 20px; --lineheight: 20px;\">Gyrotonic 1 alkalom 22 eFt<br \/><\/span><\/span>10 alkalmas b\u00e9rlet Gyrotonic 200 eFt<br \/>5 alkalmas Gyrotonic b\u00e9rlet 110 eFt<br \/>10 alkalmas p\u00e1ros b\u00e9rlet 120 eFt \/f\u0151<\/p><p style=\"text-align: center;\"><b>Minden vend\u00e9g\u00fcnknek korl\u00e1tlan \u00e1sv\u00e1nyv\u00edz, k\u00e1v\u00e9- \u00e9s teafogyaszt\u00e1s illetve t\u00f6r\u00f6lk\u00f6z\u0151-haszn\u00e1lat biztos\u00edtott. Az \u00f6lt\u00f6z\u0151kben zuhanyz\u00f3k \u00e1llnak rendelkez\u00e9sre.<\/b><\/p><h4 style=\"text-align: center;\">Foglalj id\u0151pontot most :\u00a0<a href=\"tel:+36%2070%20428%207373%20\">\u00a0+36 70 428 7373<\/a><\/h4><div>\u00a0<\/div><h4>\u00a0<\/h4>\t\t\t\t\t\t\t\t<\/div>\n\t\t\t\t<\/div>\n\t\t\t\t\t<\/div>\n\t\t<\/div>\n\t\t\t\t\t<\/div>\n\t\t<\/section>\n\t\t\t\t<\/div>\n\t\t","protected":false},"excerpt":{"rendered":"<p>Szolg\u00e1ltat\u00e1sok, \u00e1rak \u00a0 Senior Gyrotonic tr\u00e9nerek \u00e1rai: Konzult\u00e1ci\u00f3 \u00e9s pr\u00f3ba\u00f3ra 25 eFt (1,5 \u00f3ra)\u00a0Gyrotonic 1 alkalom 25 eFt10 alkalmas Gyrotonc b\u00e9rlet senior tr\u00e9nerrel 220 eFt10 alkalmas p\u00e1ros Gyrotonic b\u00e9rlet senior tr\u00e9nerrel 145 eFt\/f\u0151 \u00a0 Gyrotonic tr\u00e9nerek \u00e1rai: Konzult\u00e1ci\u00f3 \u00e9s pr\u00f3ba\u00f3ra\u00a0 15 eFt (1.5 \u00f3ra)Gyrotonic 1 alkalom 22 eFt10 alkalmas b\u00e9rlet Gyrotonic 200 eFt5 alkalmas Gyrotonic [&hellip;]<\/p>\n","protected":false},"author":5,"featured_media":0,"parent":0,"menu_order":0,"comment_status":"closed","ping_status":"closed","template":"elementor_header_footer","meta":{"site-sidebar-layout":"no-sidebar","site-content-layout":"page-builder","ast-site-content-layout":"full-width-container","site-content-style":"unboxed","site-sidebar-style":"unboxed","ast-global-header-display":"","ast-banner-title-visibility":"","ast-main-header-display":"","ast-hfb-above-header-display":"","ast-hfb-below-header-display":"","ast-hfb-mobile-header-display":"","site-post-title":"disabled","ast-breadcrumbs-content":"","ast-featured-img":"disabled","footer-sml-layout":"","ast-disable-related-posts":"","theme-transparent-header-meta":"default","adv-header-id-meta":"","stick-header-meta":"","header-above-stick-meta":"","header-main-stick-meta":"","header-below-stick-meta":"","astra-migrate-meta-layouts":"set","ast-page-background-enabled":"default","ast-page-background-meta":{"desktop":{"background-color":"var(--ast-global-color-4)","background-image":"","background-repeat":"repeat","background-position":"center center","background-size":"auto","background-attachment":"scroll","background-type":"","background-media":"","overlay-type":"","overlay-color":"","overlay-opacity":"","overlay-gradient":""},"tablet":{"background-color":"","background-image":"","background-repeat":"repeat","background-position":"center center","background-size":"auto","background-attachment":"scroll","background-type":"","background-media":"","overlay-type":"","overlay-color":"","overlay-opacity":"","overlay-gradient":""},"mobile":{"background-color":"","background-image":"","background-repeat":"repeat","background-position":"center center","background-size":"auto","background-attachment":"scroll","background-type":"","background-media":"","overlay-type":"","overlay-color":"","overlay-opacity":"","overlay-gradient":""}},"ast-content-background-meta":{"desktop":{"background-color":"var(--ast-global-color-5)","background-image":"","background-repeat":"repeat","background-position":"center center","background-size":"auto","background-attachment":"scroll","background-type":"","background-media":"","overlay-type":"","overlay-color":"","overlay-opacity":"","overlay-gradient":""},"tablet":{"background-color":"var(--ast-global-color-5)","background-image":"","background-repeat":"repeat","background-position":"center center","background-size":"auto","background-attachment":"scroll","background-type":"","background-media":"","overlay-type":"","overlay-color":"","overlay-opacity":"","overlay-gradient":""},"mobile":{"background-color":"var(--ast-global-color-5)","background-image":"","background-repeat":"repeat","background-position":"center center","background-size":"auto","background-attachment":"scroll","background-type":"","background-media":"","overlay-type":"","overlay-color":"","overlay-opacity":"","overlay-gradient":""}},"footnotes":""},"class_list":["post-5309","page","type-page","status-publish","hentry"],"_links":{"self":[{"href":"https:\/\/gyrotoniccentralbudapest.hu\/index.php?rest_route=\/wp\/v2\/pages\/5309","targetHints":{"allow":["GET"]}}],"collection":[{"href":"https:\/\/gyrotoniccentralbudapest.hu\/index.php?rest_route=\/wp\/v2\/pages"}],"about":[{"href":"https:\/\/gyrotoniccentralbudapest.hu\/index.php?rest_route=\/wp\/v2\/types\/page"}],"author":[{"embeddable":true,"href":"https:\/\/gyrotoniccentralbudapest.hu\/index.php?rest_route=\/wp\/v2\/users\/5"}],"replies":[{"embeddable":true,"href":"https:\/\/gyrotoniccentralbudapest.hu\/index.php?rest_route=%2Fwp%2Fv2%2Fcomments&post=5309"}],"version-history":[{"count":114,"href":"https:\/\/gyrotoniccentralbudapest.hu\/index.php?rest_route=\/wp\/v2\/pages\/5309\/revisions"}],"predecessor-version":[{"id":8519,"href":"https:\/\/gyrotoniccentralbudapest.hu\/index.php?rest_route=\/wp\/v2\/pages\/5309\/revisions\/8519"}],"wp:attachment":[{"href":"https:\/\/gyrotoniccentralbudapest.hu\/index.php?rest_route=%2Fwp%2Fv2%2Fmedia&parent=5309"}],"curies":[{"name":"wp","href":"https:\/\/api.w.org\/{rel}","templated":true}]}}