{"id":5292,"date":"2021-10-27T13:30:15","date_gmt":"2021-10-27T12:30:15","guid":{"rendered":"https:\/\/gyrotoniccentralbudapest.hu\/?page_id=5292"},"modified":"2021-11-08T08:01:20","modified_gmt":"2021-11-08T07:01:20","slug":"cookie-nyilatkozat","status":"publish","type":"page","link":"https:\/\/gyrotoniccentralbudapest.hu\/?page_id=5292","title":{"rendered":"Cookie nyilatkozat"},"content":{"rendered":"\t\t<div data-elementor-type=\"wp-page\" data-elementor-id=\"5292\" class=\"elementor elementor-5292\">\n\t\t\t\t\t\t<section class=\"elementor-section elementor-top-section elementor-element elementor-element-f7cdd7d elementor-section-boxed elementor-section-height-default elementor-section-height-default\" data-id=\"f7cdd7d\" data-element_type=\"section\" data-e-type=\"section\">\n\t\t\t\t\t\t<div class=\"elementor-container elementor-column-gap-default\">\n\t\t\t\t\t<div class=\"elementor-column elementor-col-100 elementor-top-column elementor-element elementor-element-3f5ba8b\" data-id=\"3f5ba8b\" data-element_type=\"column\" data-e-type=\"column\">\n\t\t\t<div class=\"elementor-widget-wrap elementor-element-populated\">\n\t\t\t\t\t\t<div class=\"elementor-element elementor-element-f67a407 elementor-widget elementor-widget-heading\" data-id=\"f67a407\" data-element_type=\"widget\" data-e-type=\"widget\" data-widget_type=\"heading.default\">\n\t\t\t\t<div class=\"elementor-widget-container\">\n\t\t\t\t\t<h2 class=\"elementor-heading-title elementor-size-default\">S\u00fctik (cookie) kezel\u00e9se<\/h2>\t\t\t\t<\/div>\n\t\t\t\t<\/div>\n\t\t\t\t<div class=\"elementor-element elementor-element-205132b elementor-widget elementor-widget-text-editor\" data-id=\"205132b\" data-element_type=\"widget\" data-e-type=\"widget\" data-widget_type=\"text-editor.default\">\n\t\t\t\t<div class=\"elementor-widget-container\">\n\t\t\t\t\t\t\t\t\t<p>A gyrotoniccentralbudapest.hu weboldala s\u00fctiket haszn\u00e1l a weboldal m\u0171k\u00f6dtet\u00e9se, haszn\u00e1lat\u00e1nak megk\u00f6nny\u00edt\u00e9se, a weboldalon v\u00e9gzett tev\u00e9kenys\u00e9g nyomon k\u00f6vet\u00e9se \u00e9s relev\u00e1ns aj\u00e1nlatok megjelen\u00edt\u00e9se \u00e9rdek\u00e9ben.<\/p><p>K\u00e9rj\u00fck, hogy a dokumentumot figyelmesen olvassa el \u00e9s csak akkor vegye ig\u00e9nybe a weboldal szolg\u00e1ltat\u00e1sait, amennyiben minden pontj\u00e1val egyet\u00e9rt \u00e9s azokat \u00d6nre (a tov\u00e1bbiakban: Felhaszn\u00e1l\u00f3) n\u00e9zve k\u00f6telez\u0151 \u00e9rv\u00e9ny\u0171nek elfogadja. Felh\u00edvjuk figyelm\u00e9t, hogy jelen szab\u00e1lyzat csak az adott weboldalon t\u00f6rt\u00e9n\u0151 cookie-kezel\u00e9sre vonatkozik.<\/p><h2><strong>Mi az a Cookie?<\/strong><\/h2><p>A cookie (magyarul &#8222;s\u00fcti&#8221;) egy olyan kism\u00e9ret\u0171 adatcsomag, amit az internetes szolg\u00e1ltat\u00e1sok a b\u00f6ng\u00e9sz\u0151ben t\u00e1rolnak el. A hat\u00e9kony \u00e9s modern felhaszn\u00e1l\u00f3i \u00e9lm\u00e9nyt ny\u00fajt\u00f3 online szolg\u00e1ltat\u00e1s m\u0171k\u00f6d\u00e9s\u00e9hez elengedhetetlen technol\u00f3gia, amelyet manaps\u00e1g minden b\u00f6ng\u00e9sz\u0151 t\u00e1mogat.<\/p><h2><strong>Hogyan keletkezik a Cookie?<\/strong><\/h2><p>El\u0151sz\u00f6r a kliens g\u00e9p k\u00fcld egy k\u00e9r\u00e9st a kiszolg\u00e1l\u00f3 ir\u00e1ny\u00e1ba. Ekkor a kiszolg\u00e1l\u00f3 l\u00e9trehoz egy egyedi azonos\u00edt\u00f3t \u00e9s ezt elt\u00e1rolja a saj\u00e1t adatb\u00e1zis\u00e1ban, majd az \u00edgy l\u00e9trehozott cookie-t az \u00f6sszes inform\u00e1ci\u00f3val visszak\u00fcldi a kliensnek. Az \u00edgy visszakapott inform\u00e1ci\u00f3s cookie elt\u00e1rol\u00f3dik a kliens g\u00e9pen.<\/p><h2><strong>Hogyan hasznosul a Cookie?<\/strong><\/h2><p>Amikor a kliens g\u00e9p \u00fajra kapcsolatba l\u00e9p a kiszolg\u00e1l\u00f3val m\u00e1r p\u00e1ros\u00edtja az el\u0151z\u0151leg m\u00e1r l\u00e9trehozott \u00e9s elt\u00e1rolt cookie-t. A kiszolg\u00e1l\u00f3 \u00f6sszehasonl\u00edtja a kapott \u00e9s az \u00e1ltala t\u00e1rolt cookie tartalm\u00e1t. Ez \u00e1ltal k\u00f6nnyed\u00e9n azonos\u00edtja pl. a bejelentkezett regisztr\u00e1lt felhaszn\u00e1l\u00f3t. En\u00e9lk\u00fcl p\u00e9ld\u00e1ul nem lehetne bejelentkezni egy weboldalra.<\/p><h2><strong>Milyen s\u00fctiket \u00e9s mire haszn\u00e1l a weboldal?<\/strong><\/h2><p>A weboldal a s\u00fctiket a k\u00f6vetkez\u0151 c\u00e9lokb\u00f3l haszn\u00e1lja<\/p><ul><li>weboldalunk fejleszt\u00e9se,<\/li><li>az \u00d6n navig\u00e1ci\u00f3j\u00e1nak megk\u00f6nny\u00edt\u00e9se weboldalunkon \u00e9s az oldal funkci\u00f3inak haszn\u00e1lata sor\u00e1n, \u00edgy biztos\u00edtva a z\u00f6kken\u0151mentes felhaszn\u00e1l\u00f3i \u00e9lm\u00e9nyt,<\/li><li>inform\u00e1ci\u00f3 gy\u0171jt\u00e9se azzal kapcsolatban, hogy hogyan haszn\u00e1lja weboldalunkat &#8211; annak felm\u00e9r\u00e9s\u00e9vel, hogy weboldalunk melyik r\u00e9szeit l\u00e1togatja vagy haszn\u00e1lja legink\u00e1bb, \u00edgy megtudhatjuk, hogyan biztos\u00edtsunk \u00d6nnek m\u00e9g jobb felhaszn\u00e1l\u00f3i \u00e9lm\u00e9nyt, ha ism\u00e9t megl\u00e1togatja oldalunkat,<\/li><li>megtudhatjuk, hogyan biztos\u00edtsuk m\u00e9g jobban a felhaszn\u00e1l\u00f3i \u00e9lm\u00e9nyt, ha ism\u00e9t megl\u00e1togatja az oldalunkat,<\/li><li>c\u00e9lzott hirdet\u00e9sek elhelyez\u00e9se m\u00e1s weboldalakon,<\/li><li>b\u00f6ng\u00e9sz\u0151 felhaszn\u00e1l\u00f3k megk\u00fcl\u00f6nb\u00f6ztet\u00e9se, azonos\u00edt\u00e1sa,<\/li><li>a weboldalon v\u00e9gzett tev\u00e9kenys\u00e9gek nyomon k\u00f6vet\u00e9s\u00e9re az\u00e9rt, hogy \u00e1ltaluk m\u00e9g ink\u00e1bb kifejezetten az \u00d6nt \u00e9rdekl\u0151 vagy az \u00d6n sz\u00e1m\u00e1ra fontos, relev\u00e1ns aj\u00e1nlatokr\u00f3l \u00fczenetet juttathassunk el az \u00d6n sz\u00e1m\u00e1ra.<\/li><\/ul><h1><strong>A s\u00fctik t\u00edpusai<\/strong><\/h1><h2><br \/><strong>Alapm\u0171k\u00f6d\u00e9st biztos\u00edt\u00f3 s\u00fctik<\/strong><\/h2><p><strong>\u00a0<\/strong>Ezen s\u00fctik biztos\u00edtj\u00e1k a weboldal megfelel\u0151 m\u0171k\u00f6d\u00e9s\u00e9t, megk\u00f6nny\u00edtik annak haszn\u00e1lat\u00e1t, \u00e9s l\u00e1togat\u00f3ink azonos\u00edt\u00e1sa n\u00e9lk\u00fcl gy\u0171jtenek inform\u00e1ci\u00f3t a haszn\u00e1lat\u00e1r\u00f3l.<\/p><p>Ide tartozik p\u00e9ld\u00e1ul a kalkul\u00e1torhaszn\u00e1lati \u00e9rt\u00e9kek t\u00e1rol\u00e1sa, a s\u00fctikezel\u00e9s elfogad\u00e1s\u00e1nak st\u00e1tusza, bejelentkez\u00e9si m\u00f3dok \u00e9s adatok megjegyz\u00e9se, weboldal \u00e9rtes\u00edt\u00e9si \u00fczenetek st\u00e1tusza \u00e9s a cs\u00f6kkentett funkcionalit\u00e1s\u00fa Google Analytics k\u00f3d.<\/p><p>Ne feledje, ezen s\u00fctik alkalmaz\u00e1sa n\u00e9lk\u00fcl nem tudjuk garant\u00e1lni \u00d6nnek weboldalunk k\u00e9nyelmes haszn\u00e1lat\u00e1t.<\/p><h2><strong>Statisztikai c\u00e9l\u00fa s\u00fctik<\/strong><\/h2><p>Weboldalunk fejleszt\u00e9s\u00e9nek, valamint a felhaszn\u00e1l\u00f3k sz\u00e1m\u00e1ra biztos\u00edtott \u00e9lm\u00e9nyek jav\u00edt\u00e1s\u00e1nak c\u00e9lj\u00e1val olyan s\u00fctiket is haszn\u00e1lunk, melyek lehet\u0151v\u00e9 teszik sz\u00e1munkra, hogy inform\u00e1ci\u00f3t gy\u0171jts\u00fcnk azzal kapcsolatban, hogyan haszn\u00e1lj\u00e1k l\u00e1togat\u00f3ink weboldalunkat. Ezek a s\u00fctik nem tudj\u00e1k \u00d6nt szem\u00e9ly szerint beazonos\u00edtani, olyan inform\u00e1ci\u00f3kat gy\u0171jtenek, mint pl. hogy melyik oldalt n\u00e9zte meg a l\u00e1togat\u00f3nk, a felhaszn\u00e1l\u00f3 a weboldal mely r\u00e9sz\u00e9re kattintott, h\u00e1ny oldalt keresett fel, milyen hossz\u00fa volt az egyes munkamenetek megtekint\u00e9si ideje, melyek voltak az esetleges hiba\u00fczenetek.<\/p><h2><strong>Teljes\u00edtm\u00e9nyt biztos\u00edt\u00f3 s\u00fctik<\/strong><\/h2><p>Ilyen teljes\u00edtm\u00e9nyt biztos\u00edt\u00f3 s\u00fctik a Google Analytics s\u00fctijei is. A Google Analytics s\u00fctikkel kapcsolatos tov\u00e1bbi tudnival\u00f3k \u00e9rdek\u00e9ben k\u00e9rj\u00fck, kattintson ide: <a href=\"https:\/\/developers.google.com\/analytics\/devguides\/collection\/analyticsjs\/cookie-usage\" target=\"_blank\" rel=\"noopener\">https:\/\/developers.google.com\/analytics\/devguides\/collection\/analyticsjs\/cookie-usage<\/a><\/p><p>Teljes\u00edtm\u00e9nyt biztos\u00edt\u00f3 s\u00fctik a Google Optimize s\u00fctijei is. A Google Optimize s\u00fctikkel kapcsolatos tudnival\u00f3kr\u00f3l itt t\u00e1j\u00e9koz\u00f3dhat:<\/p><p><a href=\"https:\/\/developers.google.com\/analytics\/devguides\/collection\/analyticsjs\/cookie-usage\" target=\"_blank\" rel=\"noopener\">https:\/\/developers.google.com\/analytics\/devguides\/collection\/analyticsjs\/cookie-usage<\/a>.<\/p><h2><strong>C\u00e9lz\u00f3- \u00e9s hirdet\u00e9si s\u00fctik<\/strong><\/h2><p>Ezeknek a s\u00fctiknek az a c\u00e9lja, hogy \u00e1ltaluk m\u00e9g ink\u00e1bb az \u00d6nt \u00e9rdekl\u0151 vagy az \u00d6n sz\u00e1m\u00e1ra relev\u00e1ns hirdet\u00e9sek jelenjenek meg a weboldalakon. Ezek a s\u00fctik az \u00d6n hozz\u00e1j\u00e1rul\u00e1sa n\u00e9lk\u00fcl nem tudj\u00e1k \u00d6nt szem\u00e9ly szerint beazonos\u00edtani, olyan inform\u00e1ci\u00f3kat gy\u0171jtenek, mint pl. hogy melyik oldalt n\u00e9zte meg a l\u00e1togat\u00f3nk, a felhaszn\u00e1l\u00f3 a weboldal mely r\u00e9sz\u00e9re kattintott, h\u00e1ny oldalt keresett fel, mindezt az \u00d6n \u00e9rdekl\u0151d\u00e9s\u00e9re sz\u00e1mot tart\u00f3 tartalmak megismer\u00e9se \u00e9rdek\u00e9ben.<\/p><p>Amennyiben azonban ehhez hozz\u00e1j\u00e1rult, a weboldal haszn\u00e1lat nyomon k\u00f6vet\u00e9se sor\u00e1n \u00f6sszegy\u0171jt\u00f6tt inform\u00e1ci\u00f3kat egy\u00fcttesen haszn\u00e1lhatjuk fel az \u00d6n szem\u00e9lyes adataival, annak \u00e9rdek\u00e9ben, hogy marketing kommunik\u00e1ci\u00f3nkat m\u00e9g jobban az \u00d6n ig\u00e9nyeihez igaz\u00edthassuk \u00e9s az \u00d6n sz\u00e1m\u00e1ra min\u00e9l ink\u00e1bb szem\u00e9lyre szabott aj\u00e1nlatokra h\u00edvjuk fel a figyelm\u00e9t.<\/p><h2><strong>Honlapunkon az al\u00e1bbi szolg\u00e1ltat\u00f3k hirdet\u00e9si s\u00fctijeit haszn\u00e1ljuk:<\/strong><\/h2><p><strong>Google Adwords<\/strong><\/p><p>A szolg\u00e1ltat\u00e1ssal kapcsolatos r\u00e9szletes t\u00e1j\u00e9koztat\u00f3 a k\u00f6vetkez\u0151 linken kereszt\u00fcl \u00e9rhet\u0151 el: https:\/\/www.google.com\/intl\/hu\/policies\/privacy<\/p><p><strong>Facebook<\/strong><\/p><p>A szolg\u00e1ltat\u00e1ssal kapcsolatos r\u00e9szletes t\u00e1j\u00e9koztat\u00f3 a k\u00f6vetkez\u0151 linken \u00e9rhet\u0151 el: https:\/\/www.facebook.com\/help\/cookies\/<\/p><p><strong>Doubleclick<\/strong><\/p><p>A szolg\u00e1ltat\u00e1ssal kapcsolatos r\u00e9szletes t\u00e1j\u00e9koztat\u00f3 a k\u00f6vetkez\u0151 linken \u00e9rhet\u0151 el: https:\/\/www.google.com\/intl\/hu\/policies\/privacy<\/p><p><strong>Instagram<\/strong><\/p><p>A szolg\u00e1ltat\u00e1ssal kapcsolatos r\u00e9szletes t\u00e1j\u00e9koztat\u00f3 a k\u00f6vetkez\u0151 linken \u00e9rhet\u0151 el: <a href=\"https:\/\/help.instagram.com\/402411646841720\" target=\"_blank\" rel=\"noopener\">https:\/\/help.instagram.com\/402411646841720<\/a><\/p><h1><strong>Hogyan ellen\u0151rizheti, \u00e9s hogyan tudja kikapcsolnia a s\u00fctiket?<\/strong><\/h1><p>Minden modern b\u00f6ng\u00e9sz\u0151 enged\u00e9lyezi a s\u00fctik be\u00e1ll\u00edt\u00e1s\u00e1nak a v\u00e1ltoztat\u00e1s\u00e1t. A legt\u00f6bb b\u00f6ng\u00e9sz\u0151 alap\u00e9rtelmezettk\u00e9nt automatikusan elfogadja a s\u00fctiket, ezek a be\u00e1ll\u00edt\u00e1sok azonban \u00e1ltal\u00e1ban megv\u00e1ltoztathat\u00f3k, \u00edgy a b\u00f6ng\u00e9sz\u0151 meg tudja akad\u00e1lyozni az automatikus elfogad\u00e1st, \u00e9s minden alkalommal fel tudja aj\u00e1nlani a v\u00e1laszt\u00e1s lehet\u0151s\u00e9g\u00e9t, hogy enged\u00e9lyezi-e a s\u00fctiket.<\/p><p>Felh\u00edvjuk figyelm\u00e9t, hogy mivel a s\u00fctik c\u00e9lja weboldalunk haszn\u00e1lhat\u00f3s\u00e1g\u00e1nak \u00e9s folyamatainak megk\u00f6nny\u00edt\u00e9se vagy lehet\u0151v\u00e9 t\u00e9tele, a cookie-k alkalmaz\u00e1s\u00e1nak megakad\u00e1lyoz\u00e1sa vagy t\u00f6rl\u00e9se miatt el\u0151fordulhat, hogy nem tudja weboldalunk funkci\u00f3it teljes k\u00f6r\u0171en haszn\u00e1lni, illetve hogy a weboldal a tervezett\u0151l elt\u00e9r\u0151en fog m\u0171k\u00f6dni b\u00f6ng\u00e9sz\u0151j\u00e9ben.<\/p><p><strong>A legn\u00e9pszer\u0171bb b\u00f6ng\u00e9sz\u0151k s\u00fcti be\u00e1ll\u00edt\u00e1sair\u00f3l az al\u00e1bbi linkeken t\u00e1j\u00e9koz\u00f3dhat:<\/strong><\/p><ul><li><a href=\"https:\/\/support.google.com\/accounts\/answer\/61416?hl=hu\" target=\"_blank\" rel=\"noopener\">Google Chrome<\/a><\/li><li><a href=\"https:\/\/support.mozilla.org\/hu\/kb\/sutik-informacio-amelyet-weboldalak-tarolnak-szami\" target=\"_blank\" rel=\"noopener\">Firefox<\/a><\/li><li><a href=\"https:\/\/support.microsoft.com\/hu-hu\/help\/17442\/windows-internet-explorer-delete-manage-cookies#ie=ie-11\" target=\"_blank\" rel=\"noopener\">Microsoft Internet Explorer<\/a><\/li><li><a href=\"https:\/\/privacy.microsoft.com\/hu-hu\/windows-10-microsoft-edge-and-privacy\" target=\"_blank\" rel=\"noopener\">Microsoft Edge<\/a><\/li><li><a href=\"https:\/\/support.apple.com\/hu-hu\/guide\/safari\/manage-cookies-and-website-data-sfri11471\/mac\" target=\"_blank\" rel=\"noopener\">Safari<\/a><\/li><\/ul>\t\t\t\t\t\t\t\t<\/div>\n\t\t\t\t<\/div>\n\t\t\t\t\t<\/div>\n\t\t<\/div>\n\t\t\t\t\t<\/div>\n\t\t<\/section>\n\t\t\t\t<\/div>\n\t\t","protected":false},"excerpt":{"rendered":"<p>S\u00fctik (cookie) kezel\u00e9se A gyrotoniccentralbudapest.hu weboldala s\u00fctiket haszn\u00e1l a weboldal m\u0171k\u00f6dtet\u00e9se, haszn\u00e1lat\u00e1nak megk\u00f6nny\u00edt\u00e9se, a weboldalon v\u00e9gzett tev\u00e9kenys\u00e9g nyomon k\u00f6vet\u00e9se \u00e9s relev\u00e1ns aj\u00e1nlatok megjelen\u00edt\u00e9se \u00e9rdek\u00e9ben. K\u00e9rj\u00fck, hogy a dokumentumot figyelmesen olvassa el \u00e9s csak akkor vegye ig\u00e9nybe a weboldal szolg\u00e1ltat\u00e1sait, amennyiben minden pontj\u00e1val egyet\u00e9rt \u00e9s azokat \u00d6nre (a tov\u00e1bbiakban: Felhaszn\u00e1l\u00f3) n\u00e9zve k\u00f6telez\u0151 \u00e9rv\u00e9ny\u0171nek elfogadja. Felh\u00edvjuk figyelm\u00e9t, [&hellip;]<\/p>\n","protected":false},"author":5,"featured_media":0,"parent":0,"menu_order":0,"comment_status":"closed","ping_status":"closed","template":"elementor_header_footer","meta":{"site-sidebar-layout":"no-sidebar","site-content-layout":"page-builder","ast-site-content-layout":"default","site-content-style":"default","site-sidebar-style":"default","ast-global-header-display":"","ast-banner-title-visibility":"","ast-main-header-display":"","ast-hfb-above-header-display":"","ast-hfb-below-header-display":"","ast-hfb-mobile-header-display":"","site-post-title":"disabled","ast-breadcrumbs-content":"","ast-featured-img":"disabled","footer-sml-layout":"","ast-disable-related-posts":"","theme-transparent-header-meta":"default","adv-header-id-meta":"","stick-header-meta":"","header-above-stick-meta":"","header-main-stick-meta":"","header-below-stick-meta":"","astra-migrate-meta-layouts":"default","ast-page-background-enabled":"default","ast-page-background-meta":{"desktop":{"background-color":"var(--ast-global-color-4)","background-image":"","background-repeat":"repeat","background-position":"center center","background-size":"auto","background-attachment":"scroll","background-type":"","background-media":"","overlay-type":"","overlay-color":"","overlay-opacity":"","overlay-gradient":""},"tablet":{"background-color":"","background-image":"","background-repeat":"repeat","background-position":"center center","background-size":"auto","background-attachment":"scroll","background-type":"","background-media":"","overlay-type":"","overlay-color":"","overlay-opacity":"","overlay-gradient":""},"mobile":{"background-color":"","background-image":"","background-repeat":"repeat","background-position":"center center","background-size":"auto","background-attachment":"scroll","background-type":"","background-media":"","overlay-type":"","overlay-color":"","overlay-opacity":"","overlay-gradient":""}},"ast-content-background-meta":{"desktop":{"background-color":"var(--ast-global-color-5)","background-image":"","background-repeat":"repeat","background-position":"center center","background-size":"auto","background-attachment":"scroll","background-type":"","background-media":"","overlay-type":"","overlay-color":"","overlay-opacity":"","overlay-gradient":""},"tablet":{"background-color":"var(--ast-global-color-5)","background-image":"","background-repeat":"repeat","background-position":"center center","background-size":"auto","background-attachment":"scroll","background-type":"","background-media":"","overlay-type":"","overlay-color":"","overlay-opacity":"","overlay-gradient":""},"mobile":{"background-color":"var(--ast-global-color-5)","background-image":"","background-repeat":"repeat","background-position":"center center","background-size":"auto","background-attachment":"scroll","background-type":"","background-media":"","overlay-type":"","overlay-color":"","overlay-opacity":"","overlay-gradient":""}},"footnotes":""},"class_list":["post-5292","page","type-page","status-publish","hentry"],"_links":{"self":[{"href":"https:\/\/gyrotoniccentralbudapest.hu\/index.php?rest_route=\/wp\/v2\/pages\/5292","targetHints":{"allow":["GET"]}}],"collection":[{"href":"https:\/\/gyrotoniccentralbudapest.hu\/index.php?rest_route=\/wp\/v2\/pages"}],"about":[{"href":"https:\/\/gyrotoniccentralbudapest.hu\/index.php?rest_route=\/wp\/v2\/types\/page"}],"author":[{"embeddable":true,"href":"https:\/\/gyrotoniccentralbudapest.hu\/index.php?rest_route=\/wp\/v2\/users\/5"}],"replies":[{"embeddable":true,"href":"https:\/\/gyrotoniccentralbudapest.hu\/index.php?rest_route=%2Fwp%2Fv2%2Fcomments&post=5292"}],"version-history":[{"count":0,"href":"https:\/\/gyrotoniccentralbudapest.hu\/index.php?rest_route=\/wp\/v2\/pages\/5292\/revisions"}],"wp:attachment":[{"href":"https:\/\/gyrotoniccentralbudapest.hu\/index.php?rest_route=%2Fwp%2Fv2%2Fmedia&parent=5292"}],"curies":[{"name":"wp","href":"https:\/\/api.w.org\/{rel}","templated":true}]}}