{"id":5290,"date":"2021-10-27T13:30:00","date_gmt":"2021-10-27T12:30:00","guid":{"rendered":"https:\/\/gyrotoniccentralbudapest.hu\/?page_id=5290"},"modified":"2021-11-08T08:01:01","modified_gmt":"2021-11-08T07:01:01","slug":"adatvedelmi-iranyelvek","status":"publish","type":"page","link":"https:\/\/gyrotoniccentralbudapest.hu\/?page_id=5290","title":{"rendered":"Adatv\u00e9delmi ir\u00e1nyelvek"},"content":{"rendered":"\t\t<div data-elementor-type=\"wp-page\" data-elementor-id=\"5290\" class=\"elementor elementor-5290\">\n\t\t\t\t\t\t<section class=\"elementor-section elementor-top-section elementor-element elementor-element-4bc269e elementor-section-boxed elementor-section-height-default elementor-section-height-default\" data-id=\"4bc269e\" data-element_type=\"section\" data-e-type=\"section\">\n\t\t\t\t\t\t<div class=\"elementor-container elementor-column-gap-default\">\n\t\t\t\t\t<div class=\"elementor-column elementor-col-100 elementor-top-column elementor-element elementor-element-812a7ce\" data-id=\"812a7ce\" data-element_type=\"column\" data-e-type=\"column\">\n\t\t\t<div class=\"elementor-widget-wrap elementor-element-populated\">\n\t\t\t\t\t\t<div class=\"elementor-element elementor-element-afde002 elementor-widget elementor-widget-heading\" data-id=\"afde002\" data-element_type=\"widget\" data-e-type=\"widget\" data-widget_type=\"heading.default\">\n\t\t\t\t<div class=\"elementor-widget-container\">\n\t\t\t\t\t<h2 class=\"elementor-heading-title elementor-size-default\">Adatv\u00e9delmi ir\u00e1nyelvek<\/h2>\t\t\t\t<\/div>\n\t\t\t\t<\/div>\n\t\t\t\t<div class=\"elementor-element elementor-element-3b80f9e elementor-widget elementor-widget-text-editor\" data-id=\"3b80f9e\" data-element_type=\"widget\" data-e-type=\"widget\" data-widget_type=\"text-editor.default\">\n\t\t\t\t<div class=\"elementor-widget-container\">\n\t\t\t\t\t\t\t\t\t<p>Az \u00d6n \u00e1ltal megadott szem\u00e9lyes adatokat kezeli:<\/p><p><strong>Majorosi-Kiss Vikt\u00f3ria<\/strong><\/p><p>Sz\u00e9khely: 1023 Budapest, K\u00e9k Goly\u00f3 utca 6.<\/p><p>Ad\u00f3sz\u00e1m: 79332444-1-43<\/p><p>Tov\u00e1bbiakban: <strong>Adatkezel\u0151<\/strong>.<\/p><p>K\u00e9rj\u00fck, figyelmesen olvassa el jelen adatkezel\u00e9si t\u00e1j\u00e9koztat\u00f3nkat (a tov\u00e1bbiakban: <strong>T\u00e1j\u00e9koztat\u00f3<\/strong>), melyben szem\u00e9lyes adatai kezel\u00e9s\u00e9t \u00e9rint\u0151 gyakorlatunkat ismertetj\u00fck az \u00c1ltal\u00e1nos Adatv\u00e9delmi Rendelet (a GDPR, azaz az Eur\u00f3pai Parlament \u00e9s Tan\u00e1cs 2016\/679. rendelete) szerint. Ez a T\u00e1j\u00e9koztat\u00f3 az Adatkezel\u0151 szolg\u00e1ltat\u00e1sait fogyaszt\u00f3k\u00e9nt ig\u00e9nybe vev\u0151 szem\u00e9lyekre (<strong>\u00d6n<\/strong>) vonatkozik. Bemutatja, hogy az Adatkezel\u0151 hogyan gy\u0171jti, haszn\u00e1lja fel \u00e9s osztja meg bizonyos esetekben harmadik felekkel az \u00d6n szem\u00e9lyes adatait, tov\u00e1bb\u00e1 inform\u00e1ci\u00f3val szolg\u00e1l az \u00d6n adatkezel\u00e9ssel \u00f6sszef\u00fcgg\u0151 \u201e\u00e9rintetti\u201d jogair\u00f3l.<\/p><p>Az Adatkezel\u0151 elk\u00f6telezett e honlapot felkeres\u0151 egy\u00e9nek szem\u00e9lyes adatainak \u00e9s mag\u00e1n\u00e9let\u00e9nek v\u00e9delme ir\u00e1nt. Jelen t\u00e1j\u00e9koztat\u00f3 \u00e9s nyilatkozat mindenekel\u0151tt az \u00fcgyfelek \u00e9s h\u00edrlev\u00e9l-feliratkoz\u00f3k szem\u00e9lyes adatainak interneten kereszt\u00fcl t\u00f6rt\u00e9n\u0151 bizalmas kezel\u00e9s\u00e9r\u0151l \u00e9s v\u00e9delm\u00e9r\u0151l sz\u00f3l, mindazon\u00e1ltal ide tartoznak az oldal l\u00e1togat\u00f3i is. \u00d6sszefoglaljuk, hogy a tulajdonos milyen \u00d6nre vonatkoz\u00f3 adatokat hogyan gy\u0171jthet \u00e9s haszn\u00e1lhat fel, illetve milyen m\u00f3don haszn\u00e1lhatj\u00e1k fel. Az adatok illet\u00e9ktelen szem\u00e9lyek r\u00e9sz\u00e9re nem ker\u00fclnek \u00e1tad\u00e1sra \u00e9s ezen t\u00e1j\u00e9koztat\u00f3ban meghat\u00e1rozott form\u00e1ban ker\u00fclnek felhaszn\u00e1l\u00e1sra.<\/p><p>A szerz\u0151d\u00e9sekben egyedi esetekben az adatkezel\u00e9s c\u00e9lja m\u00f3dosulhat, mely az adott szerz\u0151d\u00e9sben r\u00f6gz\u00edtett felt\u00e9telekkel t\u00f6rt\u00e9nik.<\/p><p>A t\u00e1j\u00e9koztat\u00f3 fontos inform\u00e1ci\u00f3t ny\u00fajt \u00d6nnek szem\u00e9lyes adatai v\u00e9delm\u00e9r\u0151l \u00e9s ehhez f\u0171z\u0151d\u0151 jogair\u00f3l. Ha a felhaszn\u00e1l\u00f3 nem fogadja el ezen felt\u00e9teleket, jog\u00e1ban \u00e1ll a honlap haszn\u00e1lat\u00e1t felf\u00fcggeszteni \u00e9s szem\u00e9lyes adat megad\u00e1sa n\u00e9lk\u00fcl a b\u00f6ng\u00e9sz\u00e9st befejezni.<\/p><h3><strong>ADATKEZEL\u0150 FELEL\u0150SS\u00c9GE \u00c9S EL\u00c9RHET\u0150S\u00c9GE<\/strong><\/h3><p><strong>1.1 Adatkezel\u00e9ssel kapcsolatos inform\u00e1ci\u00f3k<\/strong><\/p><p>Jelen T\u00e1j\u00e9koztat\u00f3ban ismertetett adatkezel\u00e9sek tekintet\u00e9ben <strong>Majorosi-Kiss Vikt\u00f3ria <\/strong>az adatkezel\u0151 (a tov\u00e1bbiakban: <strong>Adatkezel\u0151<\/strong>).<\/p><p>Adatv\u00e9delmi elj\u00e1r\u00e1sainkat \u00e9rint\u0151 \u00e9szrev\u00e9tel, k\u00e9rd\u00e9s vagy panasz eset\u00e9n az al\u00e1bbi el\u00e9rhet\u0151s\u00e9geken vagyunk el\u00e9rhet\u0151ek: <strong>Majorosi-Kiss Vikt\u00f3ria<\/strong>, 1023 Budapest, K\u00e9k Goly\u00f3 utca 6. vagy \u00edrjon a <a href=\"mailto:viki@gyrotoniccentralbudapest.hu\">viki@gyrotoniccentralbudapest.hu<\/a> e-mail c\u00edmre.<\/p><table width=\"602\"><tbody><tr><td width=\"302\"><p><strong>Adatkezel\u0151<\/strong><\/p><\/td><td width=\"300\"><p><strong>Felel\u0151ss\u00e9gi k\u00f6r\u00f6k<\/strong><\/p><\/td><\/tr><tr><td width=\"302\"><p><strong>Majorosi-Kiss Vikt\u00f3ria<\/strong><\/p><p>1023 Budapest, K\u00e9k Goly\u00f3 utca 6.<\/p><\/td><td width=\"300\"><p>\u00d6sszes tev\u00e9kenys\u00e9g<\/p><\/td><\/tr><\/tbody><\/table><p>V\u00e1laszt\u00e1s\u00e1nak megfelel\u0151en \u00d6n szem\u00e9lyes adatai megad\u00e1sa n\u00e9lk\u00fcl is jogosult hozz\u00e1f\u00e9rni weboldalainkhoz, viszont a b\u00f6ng\u00e9sz\u00e9shez elengedhetetlen a s\u00fcti &#8211; cookie szab\u00e1lyzat elfogad\u00e1sa, h\u00edrlev\u00e9l-feliratkoz\u00e1s eset\u00e9n pedig az adatv\u00e9delmi t\u00e1j\u00e9koztat\u00f3 \u00e9s nyilatkozat j\u00f3v\u00e1hagy\u00e1sa. Szem\u00e9lyes adat az \u00f6sszes inform\u00e1ci\u00f3, amely k\u00f6zvetett vagy k\u00f6zvetlen m\u00f3don, azonos\u00edt\u00f3 sz\u00e1m szerint vagy az ehhez tartoz\u00f3 adatok alapj\u00e1n azonos\u00edthat\u00f3 term\u00e9szetes szem\u00e9lyre vonatkozik. Abban az esetben, hogyha az oldal Tulajdonosa az \u00d6n szem\u00e9lyes adatait gy\u0171jti, az adatgy\u0171jt\u00e9s \u00e1tl\u00e1that\u00f3 \u00e9s bizalmas adatkezel\u00e9ssel t\u00f6rt\u00e9nik.<\/p><p>Az \u00d6n szem\u00e9lyes adatai olyan inform\u00e1ci\u00f3k, melyek seg\u00edts\u00e9g\u00e9vel az \u00d6n szem\u00e9lye beazonos\u00edthat\u00f3, p\u00e9ld\u00e1ul: vezet\u00e9kn\u00e9v, ut\u00f3n\u00e9v, \u00e1llampolg\u00e1rs\u00e1g, telefonsz\u00e1m, postac\u00edm, e-mail c\u00edm. Az \u00d6n szem\u00e9lyes adatait \u00f6nk\u00e9ntesen megadott m\u00f3don, a tulajdonos az oldalon t\u00f6rt\u00e9n\u0151 b\u00f6ng\u00e9sz\u00e9skor gy\u0171jti, megjel\u00f6lve minden esetben a c\u00e9l el\u00e9r\u00e9s\u00e9hez sz\u00fcks\u00e9gszer\u0171en megadand\u00f3 adatokat. Ha nem k\u00edv\u00e1nja megadni ezen adatokat, akkor nem f\u00e9rhet hozz\u00e1 a honlap egyes funkci\u00f3ihoz, szolg\u00e1ltat\u00e1saihoz. Az opcion\u00e1lisan megadand\u00f3 adatok gy\u0171jt\u00e9se a felhaszn\u00e1l\u00f3i ig\u00e9nyek megismer\u00e9s\u00e9t, a honlap \u00e9s szolg\u00e1ltat\u00e1sok fejleszt\u00e9s\u00e9t szolg\u00e1lja.<\/p><p>A Tulajdonos minden int\u00e9zked\u00e9st megtesz, hogy az \u00e1ltala kezelt szem\u00e9lyes adatok pontosak, naprak\u00e9szek legyenek.<\/p><p><strong>Az al\u00e1bbi szem\u00e9lyes adatok kezel\u00e9se t\u00f6rt\u00e9nik:<\/strong><\/p><ul><li>Vezet\u00e9kn\u00e9v, keresztn\u00e9v, c\u00e9gn\u00e9v \u00e9s kapcsolattart\u00f3 neve (c\u00e9g eset\u00e9n)<\/li><li>Sz\u00e9khely c\u00edme (c\u00e9g eset\u00e9n), lakc\u00edm, levelez\u00e9si c\u00edm<\/li><li>E-mail c\u00edm<\/li><li>Telefonsz\u00e1m<\/li><li>Rendszer inform\u00e1ci\u00f3k (IP-c\u00edm, rendszer verzi\u00f3, felbont\u00e1s, statisztika a honlapon megtekintett oldalakr\u00f3l, b\u00f6ng\u00e9sz\u00e9si szok\u00e1sok, viselked\u00e9si mint\u00e1zat)<\/li><\/ul><h3><strong>Adatkezel\u00e9s id\u0151tartama:<\/strong><\/h3><ul><li>Direkt marketing c\u00e9l\u00fa hozz\u00e1j\u00e1rul\u00e1sok tekintet\u00e9ben a felhaszn\u00e1l\u00f3 hozz\u00e1j\u00e1rul\u00e1s\u00e1nak visszavon\u00e1s\u00e1ig<\/li><li>Profiladatok tekintet\u00e9ben az utols\u00f3 bejelentkez\u00e9st\u0151l sz\u00e1m\u00edtott 4 \u00e9v<\/li><li>V\u00e1s\u00e1rl\u00e1sok adatai tekintet\u00e9ben a Sz\u00e1mv. tv. 169. \u00a7 (2) bekezd\u00e9se alapj\u00e1n 8 \u00e9v<\/li><\/ul><h3><strong>Adattov\u00e1bb\u00edt\u00e1s felt\u00e9telei<\/strong><\/h3><p>Az Adatkezel\u0151 az \u00e1ltala kezelt adatokat &#8211; a sz\u00fcks\u00e9ges m\u00e9rt\u00e9kben &#8211; tov\u00e1bb\u00edthatja a k\u00f6vetkez\u0151 ter\u00fcleteken tev\u00e9kenyked\u0151, \u00e1ltala kijel\u00f6lt szem\u00e9lyek, valamint t\u00e1rsas\u00e1gok r\u00e9sz\u00e9re:<\/p><ul><li>Adatfeldolgoz\u00e1s<\/li><li>Jogi k\u00e9pviselet<\/li><li>Jogvit\u00e1k kezel\u00e9s\u00e9re jogszab\u00e1ly alapj\u00e1n jogosult szervek<\/li><li>K\u00e9zbes\u00edt\u00e9s<\/li><li>K\u00f6nyvel\u00e9s<\/li><li>K\u00f6vetel\u00e9skezel\u00e9s<\/li><li>Marketing<\/li><li>Sz\u00e1ml\u00e1z\u00e1s<\/li><\/ul><h3><strong>Adatfeldolgoz\u00f3k<\/strong><\/h3><h3><strong>Adatfeldolgoz\u00e1st v\u00e9gz\u0151 vagy adatkezel\u00e9st \u00e9rint\u0151 c\u00e9gek, szem\u00e9lyek<\/strong><\/h3><p>A tulajdonos, <strong>Majorosi-Kiss Vikt\u00f3ria<\/strong> v\u00e9gzi az adatok kezel\u00e9s\u00e9t. A tulajdonoson k\u00edv\u00fcl m\u00e1s c\u00e9gek is r\u00e9szt vesznek a szerz\u0151d\u00e9ses \u00fcgyfelek adatainak kezel\u00e9s\u00e9ben, t\u00e1rol\u00e1s\u00e1ban.<\/p><h3><strong>Mely c\u00e9gek kapcsol\u00f3dnak az adatkezel\u00e9shez?<\/strong><\/h3><p>A Tulajdonos tev\u00e9kenys\u00e9ge sor\u00e1n az adatkezel\u00e9sben \u00e9rintett c\u00e9gek:<\/p><p>Minden szolg\u00e1ltat\u00f3t sz\u00fcks\u00e9ges felsorolni, ahol szem\u00e9lyes adatok megjelennek:<\/p><ul><li>Exibio Bt.: 2094 Nagykovacsi, Pilis utca 1., 21178058-1-13<\/li><li><strong>Google Inc.<\/strong>: 1600 Amphitheatre Parkway, Mountain View, CA 94043, USA, <a href=\"https:\/\/www.google.hu\/intl\/hu\/contact\/\" target=\"_blank\" rel=\"noopener\">tov\u00e1bbi el\u00e9rhet\u0151s\u00e9gek<\/a>, levelez\u0151 rendszer, felh\u0151ben t\u00f6rt\u00e9n\u0151 adat \u00e9s f\u00e1jl t\u00e1rol\u00e1s, online dokumentum kezel\u00e9s, tov\u00e1bb\u00e1 a hozz\u00e1tartoz\u00f3 szolg\u00e1ltat\u00e1sok: Google Drive, Google Docs, Google Search Console, Google Analytics, Google AdSense, Google AdWords, YouTube, Blogger, Chrome b\u00f6ng\u00e9sz\u0151 t\u00e1mogat\u00e1sa &#8211; Google <a href=\"https:\/\/support.google.com\/a\/answer\/60762?hl=en\" target=\"_blank\" rel=\"noopener\">adatv\u00e9delme<\/a> \u00e9s <a href=\"https:\/\/policies.google.com\/privacy?hl=hu\" target=\"_blank\" rel=\"noopener\">adatv\u00e9delmi elvei<\/a>.<\/li><li><strong>Facebook Ireland Ltd.<\/strong>: 4 Grand Canal Square, Grand Canal Harbour, Dublin 2 Ireland, a Facebook, Instagram, Messenger \u00e9s Facebook \u00e1ltal k\u00edn\u00e1lt egy\u00e9b term\u00e9kek, funkci\u00f3k t\u00e1mogat\u00e1sa &#8211; <a href=\"https:\/\/www.facebook.com\/about\/privacy\/update\" target=\"_blank\" rel=\"noopener\">adatkezel\u00e9si szab\u00e1lyzat<\/a> \u00e9s adatv\u00e9delmi tisztvisel\u0151 <a href=\"https:\/\/www.facebook.com\/help\/contact\/540977946302970\" target=\"_blank\" rel=\"noopener\">el\u00e9rhet\u0151s\u00e9ge<\/a><\/li><li>Speci\u00e1lis esetekben a szerz\u0151d\u00e9s tartalmazhat tov\u00e1bbi adatfeldolgoz\u00f3 szem\u00e9lyeket vagy c\u00e9geket.<\/li><\/ul><h3><strong>Adattulajdonosi jogok \u00e9s jog\u00e9rv\u00e9nyes\u00edt\u00e9s<\/strong><\/h3><p>Amennyiben nem szeretn\u00e9 szem\u00e9lyes adatai kereskedelmi aj\u00e1nlatok k\u00f6zl\u00e9s\u00e9re t\u00f6rt\u00e9n\u0151 felhaszn\u00e1l\u00e1s\u00e1t, joga van mindezt indokl\u00e1s n\u00e9lk\u00fcl megtiltani. T\u00f6rl\u00e9si k\u00e9relm\u00e9t \u00edr\u00e1sban sz\u00fcks\u00e9ges megk\u00fcldenie az Adatkezel\u0151 r\u00e9sz\u00e9re, e-mailben vagy postai lev\u00e9l form\u00e1j\u00e1ban, az Impresszumban megjel\u00f6lt el\u00e9rhet\u0151s\u00e9gekre.<\/p><h3><strong>Kiskor\u00faak \u00e9s korl\u00e1tozottan cselekv\u0151k\u00e9pes szem\u00e9lyes adatainak v\u00e9delme<\/strong><\/h3><p><strong>Majorosi-Kiss Vikt\u00f3ria<\/strong> internetes weboldala, valamint megjelen\u00e9seinek tartalma t\u00f6bbnyire nem 13 \u00e9v alatti kiskor\u00faak r\u00e9sz\u00e9re sz\u00f3l. Nem kezel\u00fcnk \u00e9s nem gy\u0171jt\u00fcnk 13 \u00e9v alatti gyermekekr\u0151l szem\u00e9lyes adatokat igazolhat\u00f3 sz\u00fcl\u0151i vagy gondvisel\u0151i hozz\u00e1j\u00e1rul\u00e1s n\u00e9lk\u00fcl. Sz\u00fclei vagy gondvisel\u0151i k\u00e9rhetik a gyermekre vonatkoz\u00f3 adatok kiad\u00e1s\u00e1t, t\u00f6rl\u00e9s\u00e9t. Ha az Adatkezel\u0151 sz\u00e1m\u00e1ra az adatkezel\u00e9s, adatfeldolgoz\u00e1s folyam\u00e1n v\u00e1lik nyilv\u00e1nval\u00f3v\u00e1 az \u00e9letkor, abban az esetben a sz\u00fcl\u0151i hozz\u00e1j\u00e1rul\u00e1s beszerz\u00e9se c\u00e9lj\u00e1b\u00f3l az adatok felhaszn\u00e1lhat\u00f3k.<\/p><p>T\u00f6rv\u00e9nyes k\u00e9pvisel\u0151 hozz\u00e1j\u00e1rul\u00e1sa sz\u00fcks\u00e9ges cselekv\u0151k\u00e9ptelen \u00e9s korl\u00e1tozottan cselekv\u0151k\u00e9pes kiskor\u00fa szem\u00e9ly nyilatkozat\u00e1hoz, kiv\u00e9ve a mindennapi \u00e9letben t\u00f6megesen el\u0151fordul\u00f3 regisztr\u00e1ci\u00f3t c\u00e9lz\u00f3 \u00e9s k\u00fcl\u00f6n\u00f6sebb megfontol\u00e1st nem ig\u00e9nyl\u0151 szolg\u00e1ltat\u00e1sr\u00e9szeket.<\/p><h3><strong>Cookie-k (s\u00fctik) kezel\u00e9se<\/strong><\/h3><p>A Cookie nyilatkozatban olvashat b\u0151vebben a s\u00fctik (cookie-k) kezel\u00e9s\u00e9r\u0151l.<\/p><h3><strong>Fogalmak<\/strong><\/h3><ul><li><strong>Adatfeldolgoz\u00f3: <\/strong>term\u00e9szetes vagy jogi szem\u00e9ly, k\u00f6zhatalmi szerv, \u00fcgyn\u00f6ks\u00e9g vagy b\u00e1rmely egy\u00e9b szerv, amely az adatkezel\u0151 nev\u00e9ben szem\u00e9lyes adatokat kezel<\/li><li><strong>Adatkezel\u00e9s: <\/strong>a szem\u00e9lyes adatokon vagy adat\u00e1llom\u00e1nyokon automatiz\u00e1lt vagy nem automatiz\u00e1lt m\u00f3don v\u00e9gzett b\u00e1rmely m\u0171velet vagy m\u0171veletek \u00f6sszess\u00e9ge, p\u00e9ld\u00e1ul: gy\u0171jt\u00e9s, r\u00f6gz\u00edt\u00e9s, rendszerez\u00e9s, tagol\u00e1s, t\u00e1rol\u00e1s, \u00e1talak\u00edt\u00e1s, megv\u00e1ltoztat\u00e1s, lek\u00e9rdez\u00e9s, betekint\u00e9s, felhaszn\u00e1l\u00e1s, k\u00f6zl\u00e9s, tov\u00e1bb\u00edt\u00e1s, terjeszt\u00e9s, egy\u00e9b m\u00f3don t\u00f6rt\u00e9n\u0151 hozz\u00e1f\u00e9rhet\u0151v\u00e9 t\u00e9tel, \u00f6sszehangol\u00e1s, \u00f6sszekapcsol\u00e1s, korl\u00e1toz\u00e1s, t\u00f6rl\u00e9s, megsemmis\u00edt\u00e9s<\/li><li><strong>Adattov\u00e1bb\u00edt\u00e1s:<\/strong> az Adatkezel\u0151 \u00e1ltal kezelt szem\u00e9lyes adatok harmadik szem\u00e9lyek sz\u00e1m\u00e1ra t\u00f6rt\u00e9n\u0151 hozz\u00e1f\u00e9rhet\u0151v\u00e9 t\u00e9tele<\/li><li><strong>Adatv\u00e9delmi incidens: <\/strong>a biztons\u00e1g s\u00e9r\u00fcl\u00e9se, amely a tov\u00e1bb\u00edtott, t\u00e1rolt vagy m\u00e1s m\u00f3don kezelt szem\u00e9lyes adatok v\u00e9letlen vagy jogellenes megsemmis\u00edt\u00e9s\u00e9t, elveszt\u00e9s\u00e9t, megv\u00e1ltoztat\u00e1s\u00e1t, jogosulatlan k\u00f6zl\u00e9s\u00e9t vagy az azokhoz val\u00f3 jogosulatlan hozz\u00e1f\u00e9r\u00e9st eredm\u00e9nyezi<\/li><li><strong>\u00c1SZF<\/strong>: a weboldalon k\u00f6zz\u00e9tett, az Adatkezel\u0151 term\u00e9k- \u00e9s szolg\u00e1ltat\u00e1s-\u00e9rt\u00e9kes\u00edt\u00e9si szab\u00e1lyait r\u00f6gz\u00edt\u0151 \u00c1ltal\u00e1nos Szerz\u0151d\u00e9si Felt\u00e9telek<\/li><li><strong>Azonos\u00edthat\u00f3 term\u00e9szetes szem\u00e9ly:<\/strong> term\u00e9szetes szem\u00e9ly, aki k\u00f6zvetlen vagy k\u00f6zvetett m\u00f3don, valamely azonos\u00edt\u00f3, p\u00e9ld\u00e1ul: n\u00e9v, azonos\u00edt\u00f3 sz\u00e1m, helymeghat\u00e1roz\u00f3 adat, online azonos\u00edt\u00f3, fizikai, fiziol\u00f3giai, genetikai, szellemi, gazdas\u00e1gi, kultur\u00e1lis vagy szoci\u00e1lis azonoss\u00e1g\u00e1ra vonatkoz\u00f3 egy vagy t\u00f6bb t\u00e9nyez\u0151 alapj\u00e1n azonos\u00edthat\u00f3<\/li><li><strong>C\u00edmzett:<\/strong> term\u00e9szetes vagy jogi szem\u00e9ly, k\u00f6zhatalmi szerv, \u00fcgyn\u00f6ks\u00e9g vagy b\u00e1rmely egy\u00e9b szerv, amellyel a szem\u00e9lyes adatot k\u00f6zlik, f\u00fcggetlen\u00fcl att\u00f3l, hogy harmadik f\u00e9l-e<\/li><li><strong>\u00c9rintett hozz\u00e1j\u00e1rul\u00e1sa:<\/strong> az \u00e9rintett akarat\u00e1nak \u00f6nk\u00e9ntes, konkr\u00e9t, megfelel\u0151 t\u00e1j\u00e9koztat\u00e1son alapul\u00f3, egy\u00e9rtelm\u0171 kinyilv\u00e1n\u00edt\u00e1sa, amellyel az \u00e9rintett nyilatkozat vagy a meger\u0151s\u00edt\u00e9st f\u00e9lre\u00e9rthetetlen\u00fcl kifejez\u0151 cselekedet \u00fatj\u00e1n jelzi, hogy beleegyez\u00e9s\u00e9t adja az \u0151t \u00e9rint\u0151 szem\u00e9lyes adatok kezel\u00e9s\u00e9hez<\/li><li><strong>\u00c9rintett:<\/strong> b\u00e1rmely inform\u00e1ci\u00f3 alapj\u00e1n azonos\u00edtott vagy azonos\u00edthat\u00f3 term\u00e9szetes szem\u00e9ly<\/li><li><strong>Felhaszn\u00e1l\u00f3k:<\/strong> az Adatkezel\u0151 \u00e1ltal \u00fczemeltetett, <a href=\"https:\/\/gyrotoniccentralbudapest.hu\">https:\/\/gyrotoniccentralbudapest.hu<\/a> weboldalon \u00e9s az ott meghat\u00e1rozott egy\u00e9b c\u00edmeken el\u00e9rhet\u0151 weboldalak l\u00e1togat\u00f3i<\/li><li><strong>Harmadik f\u00e9l:<\/strong> term\u00e9szetes vagy jogi szem\u00e9ly, k\u00f6zhatalmi szerv, \u00fcgyn\u00f6ks\u00e9g vagy b\u00e1rmely egy\u00e9b szerv, amely nem azonos az \u00e9rintettel, az adatkezel\u0151vel, az adatfeldolgoz\u00f3val vagy azokkal a szem\u00e9lyekkel, akik az adatkezel\u0151 vagy adatfeldolgoz\u00f3 k\u00f6zvetlen ir\u00e1ny\u00edt\u00e1sa alatt a szem\u00e9lyes adatok kezel\u00e9s\u00e9re felhatalmaz\u00e1st kaptak<\/li><li><strong>Hat\u00f3s\u00e1g: <\/strong>Nemzeti Adatv\u00e9delmi \u00e9s Inform\u00e1ci\u00f3szabads\u00e1g Hat\u00f3s\u00e1g (sz\u00e9khely: 1125 Budapest, Szil\u00e1gyi Erzs\u00e9bet fasor 22\/c., telefon: 06-1 391-1400, fax: 06-1\u00a0391-1410, e-mail: ugyfelszolgalat@naih.hu, weboldal: naih.hu)<\/li><li><strong>Partner\/\u00dcgyf\u00e9l:<\/strong> term\u00e9szetes szem\u00e9ly, aki az Adatkezel\u0151vel nem weboldalon k\u00f6t szerz\u0151d\u00e9st term\u00e9k \u00e9rt\u00e9kes\u00edt\u00e9s\u00e9re vagy szolg\u00e1ltat\u00e1s ny\u00fajt\u00e1s\u00e1ra<\/li><li><strong>Regisztr\u00e1ci\u00f3: <\/strong>a weboldal felhaszn\u00e1l\u00f3 szem\u00e9lyes adatainak r\u00f6gz\u00edt\u00e9se, mellyel felhaszn\u00e1l\u00f3i fi\u00f3kot hoz l\u00e9tre<\/li><li><strong>Szem\u00e9lyes adat:<\/strong> az \u00e9rintettre vonatkoz\u00f3 b\u00e1rmely inform\u00e1ci\u00f3<\/li><li><strong>Weboldal:<\/strong> az Adatkezel\u0151 \u00e1ltal \u00fczemeltetett, <strong>Majorosi-Kiss Vikt\u00f3ria<\/strong> \u00e9s az ott meghat\u00e1rozott egy\u00e9b c\u00edmeken el\u00e9rhet\u0151 weboldalai<\/li><\/ul>\t\t\t\t\t\t\t\t<\/div>\n\t\t\t\t<\/div>\n\t\t\t\t\t<\/div>\n\t\t<\/div>\n\t\t\t\t\t<\/div>\n\t\t<\/section>\n\t\t\t\t<\/div>\n\t\t","protected":false},"excerpt":{"rendered":"<p>Adatv\u00e9delmi ir\u00e1nyelvek Az \u00d6n \u00e1ltal megadott szem\u00e9lyes adatokat kezeli: Majorosi-Kiss Vikt\u00f3ria Sz\u00e9khely: 1023 Budapest, K\u00e9k Goly\u00f3 utca 6. Ad\u00f3sz\u00e1m: 79332444-1-43 Tov\u00e1bbiakban: Adatkezel\u0151. K\u00e9rj\u00fck, figyelmesen olvassa el jelen adatkezel\u00e9si t\u00e1j\u00e9koztat\u00f3nkat (a tov\u00e1bbiakban: T\u00e1j\u00e9koztat\u00f3), melyben szem\u00e9lyes adatai kezel\u00e9s\u00e9t \u00e9rint\u0151 gyakorlatunkat ismertetj\u00fck az \u00c1ltal\u00e1nos Adatv\u00e9delmi Rendelet (a GDPR, azaz az Eur\u00f3pai Parlament \u00e9s Tan\u00e1cs 2016\/679. rendelete) szerint. Ez [&hellip;]<\/p>\n","protected":false},"author":5,"featured_media":0,"parent":0,"menu_order":0,"comment_status":"closed","ping_status":"closed","template":"elementor_header_footer","meta":{"site-sidebar-layout":"no-sidebar","site-content-layout":"page-builder","ast-site-content-layout":"default","site-content-style":"default","site-sidebar-style":"default","ast-global-header-display":"","ast-banner-title-visibility":"","ast-main-header-display":"","ast-hfb-above-header-display":"","ast-hfb-below-header-display":"","ast-hfb-mobile-header-display":"","site-post-title":"disabled","ast-breadcrumbs-content":"","ast-featured-img":"disabled","footer-sml-layout":"","ast-disable-related-posts":"","theme-transparent-header-meta":"default","adv-header-id-meta":"","stick-header-meta":"","header-above-stick-meta":"","header-main-stick-meta":"","header-below-stick-meta":"","astra-migrate-meta-layouts":"default","ast-page-background-enabled":"default","ast-page-background-meta":{"desktop":{"background-color":"var(--ast-global-color-4)","background-image":"","background-repeat":"repeat","background-position":"center center","background-size":"auto","background-attachment":"scroll","background-type":"","background-media":"","overlay-type":"","overlay-color":"","overlay-opacity":"","overlay-gradient":""},"tablet":{"background-color":"","background-image":"","background-repeat":"repeat","background-position":"center center","background-size":"auto","background-attachment":"scroll","background-type":"","background-media":"","overlay-type":"","overlay-color":"","overlay-opacity":"","overlay-gradient":""},"mobile":{"background-color":"","background-image":"","background-repeat":"repeat","background-position":"center center","background-size":"auto","background-attachment":"scroll","background-type":"","background-media":"","overlay-type":"","overlay-color":"","overlay-opacity":"","overlay-gradient":""}},"ast-content-background-meta":{"desktop":{"background-color":"var(--ast-global-color-5)","background-image":"","background-repeat":"repeat","background-position":"center center","background-size":"auto","background-attachment":"scroll","background-type":"","background-media":"","overlay-type":"","overlay-color":"","overlay-opacity":"","overlay-gradient":""},"tablet":{"background-color":"var(--ast-global-color-5)","background-image":"","background-repeat":"repeat","background-position":"center center","background-size":"auto","background-attachment":"scroll","background-type":"","background-media":"","overlay-type":"","overlay-color":"","overlay-opacity":"","overlay-gradient":""},"mobile":{"background-color":"var(--ast-global-color-5)","background-image":"","background-repeat":"repeat","background-position":"center center","background-size":"auto","background-attachment":"scroll","background-type":"","background-media":"","overlay-type":"","overlay-color":"","overlay-opacity":"","overlay-gradient":""}},"footnotes":""},"class_list":["post-5290","page","type-page","status-publish","hentry"],"_links":{"self":[{"href":"https:\/\/gyrotoniccentralbudapest.hu\/index.php?rest_route=\/wp\/v2\/pages\/5290","targetHints":{"allow":["GET"]}}],"collection":[{"href":"https:\/\/gyrotoniccentralbudapest.hu\/index.php?rest_route=\/wp\/v2\/pages"}],"about":[{"href":"https:\/\/gyrotoniccentralbudapest.hu\/index.php?rest_route=\/wp\/v2\/types\/page"}],"author":[{"embeddable":true,"href":"https:\/\/gyrotoniccentralbudapest.hu\/index.php?rest_route=\/wp\/v2\/users\/5"}],"replies":[{"embeddable":true,"href":"https:\/\/gyrotoniccentralbudapest.hu\/index.php?rest_route=%2Fwp%2Fv2%2Fcomments&post=5290"}],"version-history":[{"count":0,"href":"https:\/\/gyrotoniccentralbudapest.hu\/index.php?rest_route=\/wp\/v2\/pages\/5290\/revisions"}],"wp:attachment":[{"href":"https:\/\/gyrotoniccentralbudapest.hu\/index.php?rest_route=%2Fwp%2Fv2%2Fmedia&parent=5290"}],"curies":[{"name":"wp","href":"https:\/\/api.w.org\/{rel}","templated":true}]}}